{"id":1167,"date":"2013-04-05T13:33:38","date_gmt":"2013-04-05T11:33:38","guid":{"rendered":"http:\/\/www.kriesi.at\/themes\/enfold\/?page_id=1167"},"modified":"2023-09-20T22:36:14","modified_gmt":"2023-09-20T20:36:14","slug":"contact","status":"publish","type":"page","link":"https:\/\/tnsportif.com\/index.php\/contact\/","title":{"rendered":"Contact"},"content":{"rendered":"<div  class='av_gmaps_sc_main_wrap av_gmaps_main_wrap '><div id='av_gmap_0' class='avia-google-map-container avia-google-map-sc av_gmaps_show_unconditionally av-no-fallback-img ' data-mapid='av_gmap_0'  style='height: 400px;'><a class=\"av_gmaps_browser_disabled av_text_confirm_link av_text_confirm_link_visible\" href=\"https:\/\/www.google.com\/maps\/search\/?api=1&#038;query=Route%20de%20Lagny%2077200%20TORCY%20%20FRANCE\" target=\"_blank\" rel=\"noopener\">Les cartes ont \u00e9t\u00e9 d\u00e9sactiv\u00e9es par le visiteur sur ce site. Cliquer pour ouvrir la carte dans une nouvelle fen\u00eatre.<\/a><\/div><\/div>\n<div  class='flex_column av-fvo0j3-89cf361ef982b0d74adfd4584631689b av_one_full  avia-builder-el-1  el_after_av_google_map  avia-builder-el-no-sibling  first flex_column_div  '     ><p>\n<style type=\"text\/css\" data-created_by=\"avia_inline_auto\" id=\"style-css-av-b14ktr-770662371907008254e05ae043db7d3d\">\n#top .av-special-heading.av-b14ktr-770662371907008254e05ae043db7d3d{\npadding-bottom:10px;\n}\nbody .av-special-heading.av-b14ktr-770662371907008254e05ae043db7d3d .av-special-heading-tag .heading-char{\nfont-size:25px;\n}\n.av-special-heading.av-b14ktr-770662371907008254e05ae043db7d3d .av-subheading{\nfont-size:10px;\n}\n<\/style>\n<div  class='av-special-heading av-b14ktr-770662371907008254e05ae043db7d3d av-special-heading-h3 meta-heading  avia-builder-el-2  el_before_av_textblock  avia-builder-el-first  av-linked-heading'><h3 class='av-special-heading-tag'  itemprop=\"headline\"  >Quelques informations<\/h3><div class=\"special-heading-border\"><div class=\"special-heading-inner-border\"><\/div><\/div><\/div><br \/>\n<section  class='av_textblock_section av-ceuwzj-46d552f7614acc7860855b38e1cc4169 '   itemscope=\"itemscope\" itemtype=\"https:\/\/schema.org\/CreativeWork\" ><div class='avia_textblock'  itemprop=\"text\" ><p><strong>Si vous souhaitez nous rendre visite :<\/strong><\/p>\n<p><strong>En \u00e9t\u00e9 ><\/strong> l&rsquo;entr\u00e9e se fait par la route du c\u00f4t\u00e9 poney Club (carrefour des Cantines &#8211; 77200 Torcy)<br \/>\n<strong>En hiver ><\/strong> par l&rsquo;entr\u00e9e principale de la base des Loisirs<\/p>\n<\/div><\/section><br \/>\n\n<style type=\"text\/css\" data-created_by=\"avia_inline_auto\" id=\"style-css-av-9bbcsv-2d33561b74016a588e7adfb7eb7abe13\">\n#top .av-special-heading.av-9bbcsv-2d33561b74016a588e7adfb7eb7abe13{\npadding-bottom:10px;\n}\nbody .av-special-heading.av-9bbcsv-2d33561b74016a588e7adfb7eb7abe13 .av-special-heading-tag .heading-char{\nfont-size:25px;\n}\n.av-special-heading.av-9bbcsv-2d33561b74016a588e7adfb7eb7abe13 .av-subheading{\nfont-size:10px;\n}\n<\/style>\n<div  class='av-special-heading av-9bbcsv-2d33561b74016a588e7adfb7eb7abe13 av-special-heading-h3 meta-heading  avia-builder-el-4  el_after_av_textblock  el_before_av_contact  av-linked-heading'><h3 class='av-special-heading-tag'  itemprop=\"headline\"  >Contactez nous par mail<\/h3><div class=\"special-heading-border\"><div class=\"special-heading-inner-border\"><\/div><\/div><\/div><br \/>\n<form action=\"https:\/\/tnsportif.com\/index.php\/contact\/\" method=\"post\" data-fields-with-error=\"Erreurs trouv\u00e9es dans les champs suivants :\" class=\"avia_ajax_form av-form-labels-visible   avia-builder-el-5  el_after_av_heading  avia-builder-el-last   \" data-avia-form-id=\"1\" data-avia-redirect='' ><fieldset><p class='  first_form  form_element form_element_half' id='element_avia_1_1'><label for=\"avia_1_1\">Pr\u00e9nom & Nom <abbr class=\"required\" title=\"requis(e)\">*<\/abbr><\/label> <input name=\"avia_1_1\" class=\"text_input is_empty\" type=\"text\" id=\"avia_1_1\" value=\"\" \/><\/p><p class='  form_element form_element_half' id='element_avia_2_1'><label for=\"avia_2_1\">E-Mail <abbr class=\"required\" title=\"requis(e)\">*<\/abbr><\/label> <input name=\"avia_2_1\" class=\"text_input is_ext_email\" type=\"text\" id=\"avia_2_1\" value=\"\" \/><\/p><p class='  first_form  form_element form_fullwidth' id='element_avia_3_1'><label for=\"avia_3_1\">Sujet<\/label> <input name=\"avia_3_1\" class=\"text_input \" type=\"text\" id=\"avia_3_1\" value=\"\" \/><\/p><p class='  first_form  form_element form_fullwidth' id='element_avia_4_1'><label for=\"avia_4_1\" class=\"textare_label hidden textare_label_avia_4_1\">Message <abbr class=\"required\" title=\"requis(e)\">*<\/abbr><\/label><textarea  name=\"avia_4_1\" class=\"text_area is_empty\" cols=\"40\" rows=\"7\" id=\"avia_4_1\" ><\/textarea><\/p><p class=\"hidden\"><input type=\"text\" name=\"avia_5_1\" class=\"hidden \" id=\"avia_5_1\" value=\"\" \/><\/p><p class='   form_element form_fullwidth' id='element_avia_6_1'><span class='value_verifier_label'>3 + 4 = ?<\/span><input name=\"avia_6_1_verifier\" type=\"hidden\" id=\"avia_6_1_verifier\" value=\"238478577\"\/><label for=\"avia_6_1\">Merci de prouver que vous \u00eates un humain en donnant le r\u00e9sultat de cette op\u00e9ration <abbr class=\"required\" title=\"requis(e)\">*<\/abbr><\/label><input name=\"avia_6_1\" class=\"text_input captcha\" type=\"text\" id=\"avia_6_1\" value=\"\"\/><\/p><p class=\"form_element \"><input type=\"hidden\" value=\"1\" name=\"avia_generated_form1\" \/><input type=\"submit\" value=\"Envoyer\" class=\"button\"  data-sending-label=\"Envoi\"\/><\/p><\/fieldset><\/form><div id=\"ajaxresponse_1\" class=\"ajaxresponse ajaxresponse_1 hidden\"><\/div><\/p><\/div>\n","protected":false},"excerpt":{"rendered":"","protected":false},"author":1,"featured_media":0,"parent":0,"menu_order":7,"comment_status":"open","ping_status":"closed","template":"","meta":{"footnotes":""},"class_list":["post-1167","page","type-page","status-publish","hentry"],"_links":{"self":[{"href":"https:\/\/tnsportif.com\/index.php\/wp-json\/wp\/v2\/pages\/1167","targetHints":{"allow":["GET"]}}],"collection":[{"href":"https:\/\/tnsportif.com\/index.php\/wp-json\/wp\/v2\/pages"}],"about":[{"href":"https:\/\/tnsportif.com\/index.php\/wp-json\/wp\/v2\/types\/page"}],"author":[{"embeddable":true,"href":"https:\/\/tnsportif.com\/index.php\/wp-json\/wp\/v2\/users\/1"}],"replies":[{"embeddable":true,"href":"https:\/\/tnsportif.com\/index.php\/wp-json\/wp\/v2\/comments?post=1167"}],"version-history":[{"count":15,"href":"https:\/\/tnsportif.com\/index.php\/wp-json\/wp\/v2\/pages\/1167\/revisions"}],"predecessor-version":[{"id":6666,"href":"https:\/\/tnsportif.com\/index.php\/wp-json\/wp\/v2\/pages\/1167\/revisions\/6666"}],"wp:attachment":[{"href":"https:\/\/tnsportif.com\/index.php\/wp-json\/wp\/v2\/media?parent=1167"}],"curies":[{"name":"wp","href":"https:\/\/api.w.org\/{rel}","templated":true}]}}