{"id":1212,"date":"2013-04-05T17:05:24","date_gmt":"2013-04-05T15:05:24","guid":{"rendered":"http:\/\/www.kriesi.at\/themes\/enfold\/?page_id=1212"},"modified":"2023-09-21T00:20:17","modified_gmt":"2023-09-20T22:20:17","slug":"team","status":"publish","type":"page","link":"https:\/\/tnsportif.com\/index.php\/pages\/team\/","title":{"rendered":"Trombinoscope"},"content":{"rendered":"<div id='full_slider_1'  class='avia-fullwidth-slider main_color avia-shadow   avia-builder-el-0  el_before_av_textblock  avia-builder-el-first   container_wrap sidebar_left'  ><div  class='avia-slideshow av-k6uowtu2-be83c1290badd382843ab3e6731e847b avia-slideshow-featured_large av_slideshow_full avia-slide-slider av-slideshow-ui av-control-default av-slideshow-manual av-loop-once av-loop-manual-endless av-default-height-applied  image_no_stretch avia-slideshow-1' data-slideshow-options=\"{&quot;animation&quot;:&quot;slide&quot;,&quot;autoplay&quot;:false,&quot;loop_autoplay&quot;:&quot;once&quot;,&quot;interval&quot;:5,&quot;loop_manual&quot;:&quot;manual-endless&quot;,&quot;autoplay_stopper&quot;:false,&quot;noNavigation&quot;:false,&quot;bg_slider&quot;:false,&quot;keep_padding&quot;:false,&quot;hoverpause&quot;:false,&quot;show_slide_delay&quot;:0}\"  itemprop=\"image\" itemscope=\"itemscope\" itemtype=\"https:\/\/schema.org\/ImageObject\" ><ul class='avia-slideshow-inner ' style='padding-bottom: 42%;'><li  class='avia-slideshow-slide av-k6uowtu2-be83c1290badd382843ab3e6731e847b__0  av-single-slide slide-1 slide-odd'><div data-rel='slideshow-1' class='avia-slide-wrap '   ><img class=\"wp-image-5103 avia-img-lazy-loading-not-5103\"  src='https:\/\/tnsportif.com\/wp-content\/uploads\/2020\/02\/Photo-groupe-for-slide-1500x630.jpg' width='1500' height='630' title='Photo groupe for slide' alt=''  itemprop=\"thumbnailUrl\"   \/><\/div><\/li><\/ul><\/div><\/div><div id='after_full_slider_1'  class='main_color av_default_container_wrap container_wrap sidebar_left'  ><div class='container av-section-cont-open' ><div class='template-page content  av-content-small units'><div class='post-entry post-entry-type-page post-entry-1212'><div class='entry-content-wrapper clearfix'>\n\n<style type=\"text\/css\" data-created_by=\"avia_inline_auto\" id=\"style-css-av-juo0hyz5-a5f01f8b8be4b93dfc8da8b48b4c9573\">\n#top .av_textblock_section.av-juo0hyz5-a5f01f8b8be4b93dfc8da8b48b4c9573 .avia_textblock{\ncolor:#cf1b15;\n}\n<\/style>\n<section  class='av_textblock_section av-juo0hyz5-a5f01f8b8be4b93dfc8da8b48b4c9573 '   itemscope=\"itemscope\" itemtype=\"https:\/\/schema.org\/CreativeWork\" ><div class='avia_textblock av_inherit_color'  itemprop=\"text\" ><h2 style=\"text-align: center;\">LES CHIENS AU T.N.S.<\/h2>\n<\/div><\/section>\n\n<style type=\"text\/css\" data-created_by=\"avia_inline_auto\" id=\"style-css-av-2ohd2y-fc5d914b3042be994db108a19f99f020\">\n#top .hr.av-2ohd2y-fc5d914b3042be994db108a19f99f020{\nmargin-top:5px;\nmargin-bottom:30px;\n}\n.hr.av-2ohd2y-fc5d914b3042be994db108a19f99f020 .hr-inner{\nwidth:200px;\nborder-color:#cf1b15;\nmax-width:45%;\n}\n<\/style>\n<div  class='hr av-2ohd2y-fc5d914b3042be994db108a19f99f020 hr-custom  avia-builder-el-2  el_after_av_textblock  el_before_av_one_half  av-mini-hide hr-center hr-icon-yes'><span class='hr-inner inner-border-av-border-thin'><span class=\"hr-inner-style\"><\/span><\/span><span class='av-seperator-icon' aria-hidden='true' data-av_icon='\ue8b9' data-av_iconfont='entypo-fontello'><\/span><span class='hr-inner inner-border-av-border-thin'><span class=\"hr-inner-style\"><\/span><\/span><\/div>\n\n<style type=\"text\/css\" data-created_by=\"avia_inline_auto\" id=\"style-css-av-w78ph8-3b6a6db196e508e6442e694e485595c6\">\n.flex_column.av-w78ph8-3b6a6db196e508e6442e694e485595c6{\nborder-radius:0px 0px 0px 0px;\npadding:0px 0px 0px 0px;\n}\n<\/style>\n<div  class='flex_column av-w78ph8-3b6a6db196e508e6442e694e485595c6 av_one_half  avia-builder-el-3  el_after_av_hr  el_before_av_one_half  first flex_column_div av-zero-column-padding  '     ><section  class='avia-team-member av-k120pmb2-492d632dba2078f158eb94888b61aa8f  avia-builder-el-4  avia-builder-el-no-sibling '  itemscope=\"itemscope\" itemtype=\"https:\/\/schema.org\/Person\" ><div class=\"team-img-container\"><img class='wp-image-6720 avia-img-lazy-loading-not-6720 avia_image avia_image_team' src='https:\/\/tnsportif.com\/wp-content\/uploads\/2023\/09\/TINKY.jpg' alt='TINKY'  itemprop=\"image\"   height=\"198\" width=\"283\" \/><\/div><h3 class='team-member-name '  itemprop=\"name\" >TINKY<\/h3><div class='team-member-job-title '  itemprop=\"jobTitle\" >et Olivier D.<\/div><div class='team-member-description '  itemprop=\"description\" ><p>17\/03\/2022<\/p>\n<\/div><span class='hidden team-member-affiliation'  itemprop=\"affiliation\" >TNSportif<\/span><\/section><\/div><div  class='flex_column av-ywrxss-a5394b7e7b8a884e12e44fe7728c496a av_one_half  avia-builder-el-5  el_after_av_one_half  el_before_av_one_half  flex_column_div  '     ><section  class='avia-team-member av-k120mrbf-89f6f42320aced8d9988199d54551a06  avia-builder-el-6  avia-builder-el-no-sibling '  itemscope=\"itemscope\" itemtype=\"https:\/\/schema.org\/Person\" ><div class=\"team-img-container\"><img class='wp-image-5110 avia-img-lazy-loading-not-5110 avia_image avia_image_team' src='https:\/\/tnsportif.com\/wp-content\/uploads\/2020\/02\/trombi_jazzy.jpg' alt='JAZZY'  itemprop=\"image\"   height=\"400\" width=\"600\" \/><\/div><h3 class='team-member-name '  itemprop=\"name\" >JAZZY<\/h3><div class='team-member-job-title '  itemprop=\"jobTitle\" >et St\u00e9phane L.<\/div><div class='team-member-description '  itemprop=\"description\" ><p>01\/05\/2014<\/p>\n<\/div><span class='hidden team-member-affiliation'  itemprop=\"affiliation\" >TNSportif<\/span><\/section><\/div><\/p>\n\n<style type=\"text\/css\" data-created_by=\"avia_inline_auto\" id=\"style-css-av-av_one_half-1e26125d131ba13f1accaa8241be1528\">\n.flex_column.av-av_one_half-1e26125d131ba13f1accaa8241be1528{\nborder-radius:0px 0px 0px 0px;\npadding:0px 0px 0px 0px;\n}\n<\/style>\n<div  class='flex_column av-av_one_half-1e26125d131ba13f1accaa8241be1528 av_one_half  avia-builder-el-7  el_after_av_one_half  el_before_av_one_half  first flex_column_div av-zero-column-padding  column-top-margin'     ><section  class='avia-team-member av-av_team_member-4e39dbd5842cc077ec546310b7a51f3e  avia-builder-el-8  avia-builder-el-no-sibling '  itemscope=\"itemscope\" itemtype=\"https:\/\/schema.org\/Person\" ><div class=\"team-img-container\"><img class='wp-image-5115 avia-img-lazy-loading-not-5115 avia_image avia_image_team' src='https:\/\/tnsportif.com\/wp-content\/uploads\/2020\/02\/trombi_Toja.jpg' alt='TOJA'  itemprop=\"image\"   height=\"400\" width=\"600\" \/><\/div><h3 class='team-member-name '  itemprop=\"name\" >TOJA<\/h3><div class='team-member-job-title '  itemprop=\"jobTitle\" >et Isabelle S.<\/div><div class='team-member-description '  itemprop=\"description\" ><p>12\/05\/2018<\/p>\n<\/div><span class='hidden team-member-affiliation'  itemprop=\"affiliation\" >TNSportif<\/span><\/section><\/div>\n<div  class='flex_column av-qz8g2k-01417b6b3a1ce5cb236c085bc2af1b0a av_one_half  avia-builder-el-9  el_after_av_one_half  el_before_av_one_half  flex_column_div  column-top-margin'     ><section  class='avia-team-member av-k120q2w6-a6c8b14611045ca908d9e2098a4db4a7  avia-builder-el-10  avia-builder-el-no-sibling '  itemscope=\"itemscope\" itemtype=\"https:\/\/schema.org\/Person\" ><div class=\"team-img-container\"><img class='wp-image-5121 avia-img-lazy-loading-not-5121 avia_image avia_image_team' src='https:\/\/tnsportif.com\/wp-content\/uploads\/2020\/02\/trombi_Naia.jpg' alt='NAIA'  itemprop=\"image\"   height=\"400\" width=\"600\" \/><\/div><h3 class='team-member-name '  itemprop=\"name\" >NAIA<\/h3><div class='team-member-job-title '  itemprop=\"jobTitle\" >et Nathalie B.<\/div><div class='team-member-description '  itemprop=\"description\" ><p>26\/05\/2017<\/p>\n<\/div><span class='hidden team-member-affiliation'  itemprop=\"affiliation\" >TNSportif<\/span><\/section><\/div>\n\n<style type=\"text\/css\" data-created_by=\"avia_inline_auto\" id=\"style-css-av-q25dzg-55cf097c1efb43d08017185743428325\">\n.flex_column.av-q25dzg-55cf097c1efb43d08017185743428325{\nborder-radius:0px 0px 0px 0px;\npadding:0px 0px 0px 0px;\n}\n<\/style>\n<div  class='flex_column av-q25dzg-55cf097c1efb43d08017185743428325 av_one_half  avia-builder-el-11  el_after_av_one_half  el_before_av_one_half  first flex_column_div av-zero-column-padding  column-top-margin'     ><section  class='avia-team-member av-k120tgzj-91168d8243935e5e029b595a41bdb267  avia-builder-el-12  avia-builder-el-no-sibling '  itemscope=\"itemscope\" itemtype=\"https:\/\/schema.org\/Person\" ><div class=\"team-img-container\"><img class='wp-image-5122 avia-img-lazy-loading-not-5122 avia_image avia_image_team' src='https:\/\/tnsportif.com\/wp-content\/uploads\/2020\/02\/trombi_Idylle.jpg' alt='IDYLLE'  itemprop=\"image\"   height=\"400\" width=\"600\" \/><\/div><h3 class='team-member-name '  itemprop=\"name\" >IDYLLE<\/h3><div class='team-member-job-title '  itemprop=\"jobTitle\" >et Olivier D.<\/div><div class='team-member-description '  itemprop=\"description\" ><p>17\/07\/2013<\/p>\n<\/div><span class='hidden team-member-affiliation'  itemprop=\"affiliation\" >TNSportif<\/span><\/section><\/div>\n\n<style type=\"text\/css\" data-created_by=\"avia_inline_auto\" id=\"style-css-av-ogimmk-db9aa58b37dbddfc6c24e9c09454f861\">\n.flex_column.av-ogimmk-db9aa58b37dbddfc6c24e9c09454f861{\nborder-radius:0px 0px 0px 0px;\npadding:0px 0px 0px 0px;\n}\n<\/style>\n<div  class='flex_column av-ogimmk-db9aa58b37dbddfc6c24e9c09454f861 av_one_half  avia-builder-el-13  el_after_av_one_half  el_before_av_one_half  flex_column_div av-zero-column-padding  column-top-margin'     ><section  class='avia-team-member av-k120tgzj-43880d61c412a77f5df89b65feecc92d  avia-builder-el-14  avia-builder-el-no-sibling '  itemscope=\"itemscope\" itemtype=\"https:\/\/schema.org\/Person\" ><div class=\"team-img-container\"><img class='wp-image-5125 avia-img-lazy-loading-not-5125 avia_image avia_image_team' src='https:\/\/tnsportif.com\/wp-content\/uploads\/2020\/02\/trombi_Izys-1.jpg' alt='IZYS'  itemprop=\"image\"   height=\"400\" width=\"600\" \/><\/div><h3 class='team-member-name '  itemprop=\"name\" >IZYS<\/h3><div class='team-member-job-title '  itemprop=\"jobTitle\" >et Georges P.<\/div><div class='team-member-description '  itemprop=\"description\" ><p>17\/07\/2013<\/p>\n<\/div><span class='hidden team-member-affiliation'  itemprop=\"affiliation\" >TNSportif<\/span><\/section><\/div>\n\n<style type=\"text\/css\" data-created_by=\"avia_inline_auto\" id=\"style-css-av-ma24j0-8d3222d95dd78b733a267790ad6c9a4d\">\n.flex_column.av-ma24j0-8d3222d95dd78b733a267790ad6c9a4d{\nborder-radius:0px 0px 0px 0px;\npadding:0px 0px 0px 0px;\n}\n<\/style>\n<div  class='flex_column av-ma24j0-8d3222d95dd78b733a267790ad6c9a4d av_one_half  avia-builder-el-15  el_after_av_one_half  el_before_av_one_half  first flex_column_div av-zero-column-padding  column-top-margin'     ><section  class='avia-team-member av-k120tgzj-80dda904daaa6841942ee4f7ef7598a8  avia-builder-el-16  avia-builder-el-no-sibling '  itemscope=\"itemscope\" itemtype=\"https:\/\/schema.org\/Person\" ><div class=\"team-img-container\"><img class='wp-image-5127 avia-img-lazy-loading-not-5127 avia_image avia_image_team' src='https:\/\/tnsportif.com\/wp-content\/uploads\/2020\/02\/trombi_Decko.jpg' alt='DECKO'  itemprop=\"image\"   height=\"400\" width=\"600\" \/><\/div><h3 class='team-member-name '  itemprop=\"name\" >DECKO<\/h3><div class='team-member-job-title '  itemprop=\"jobTitle\" >et Isabelle S.<\/div><div class='team-member-description '  itemprop=\"description\" ><p>17\/07\/2013<\/p>\n<\/div><span class='hidden team-member-affiliation'  itemprop=\"affiliation\" >TNSportif<\/span><\/section><\/div>\n\n<style type=\"text\/css\" data-created_by=\"avia_inline_auto\" id=\"style-css-av-av_one_half-da852e3ef3e55b029d2629c41a20524d\">\n.flex_column.av-av_one_half-da852e3ef3e55b029d2629c41a20524d{\nborder-radius:0px 0px 0px 0px;\npadding:0px 0px 0px 0px;\n}\n<\/style>\n<div  class='flex_column av-av_one_half-da852e3ef3e55b029d2629c41a20524d av_one_half  avia-builder-el-17  el_after_av_one_half  el_before_av_one_half  flex_column_div av-zero-column-padding  column-top-margin'     ><section  class='avia-team-member av-lmsalv0l-53f66457c92bb453ba6a8137ba3c1291  avia-builder-el-18  avia-builder-el-no-sibling '  itemscope=\"itemscope\" itemtype=\"https:\/\/schema.org\/Person\" ><div class=\"team-img-container\"><img class='wp-image-6717 avia-img-lazy-loading-not-6717 avia_image avia_image_team' src='https:\/\/tnsportif.com\/wp-content\/uploads\/2023\/09\/SOKO-2.jpg' alt='SOKO'  itemprop=\"image\"   height=\"198\" width=\"283\" \/><\/div><h3 class='team-member-name '  itemprop=\"name\" >SOKO<\/h3><div class='team-member-job-title '  itemprop=\"jobTitle\" >et Isabelle S.<\/div><div class='team-member-description '  itemprop=\"description\" ><p>03\/08\/2021<\/p>\n<\/div><span class='hidden team-member-affiliation'  itemprop=\"affiliation\" >TNSportif<\/span><\/section><\/div>\n<style type=\"text\/css\" data-created_by=\"avia_inline_auto\" id=\"style-css-av-av_one_half-1e26125d131ba13f1accaa8241be1528\">\n.flex_column.av-av_one_half-1e26125d131ba13f1accaa8241be1528{\nborder-radius:0px 0px 0px 0px;\npadding:0px 0px 0px 0px;\n}\n<\/style>\n<div  class='flex_column av-av_one_half-1e26125d131ba13f1accaa8241be1528 av_one_half  avia-builder-el-19  el_after_av_one_half  el_before_av_one_half  first flex_column_div av-zero-column-padding  column-top-margin'     ><section  class='avia-team-member av-lmsb4vpp-5fc25e948ac42e3b0313d552f8c1436f  avia-builder-el-20  avia-builder-el-no-sibling '  itemscope=\"itemscope\" itemtype=\"https:\/\/schema.org\/Person\" ><div class=\"team-img-container\"><img class='wp-image-6719 avia-img-lazy-loading-not-6719 avia_image avia_image_team' src='https:\/\/tnsportif.com\/wp-content\/uploads\/2023\/09\/SHARLIE.jpg' alt='SHARLIE'  itemprop=\"image\"   height=\"198\" width=\"283\" \/><\/div><h3 class='team-member-name '  itemprop=\"name\" >SHARLIE<\/h3><div class='team-member-job-title '  itemprop=\"jobTitle\" >et Nathalie B.<\/div><div class='team-member-description '  itemprop=\"description\" ><p>03\/08\/2021<\/p>\n<\/div><span class='hidden team-member-affiliation'  itemprop=\"affiliation\" >TNSportif<\/span><\/section><\/div>\n<style type=\"text\/css\" data-created_by=\"avia_inline_auto\" id=\"style-css-av-j865ek-4ecb8c0a65676acd9f47d5b547949d98\">\n.flex_column.av-j865ek-4ecb8c0a65676acd9f47d5b547949d98{\nborder-radius:0px 0px 0px 0px;\npadding:0px 0px 0px 0px;\n}\n<\/style>\n<div  class='flex_column av-j865ek-4ecb8c0a65676acd9f47d5b547949d98 av_one_half  avia-builder-el-21  el_after_av_one_half  el_before_av_one_half  flex_column_div av-zero-column-padding  column-top-margin'     ><section  class='avia-team-member av-k120tgzj-9641b9ae87fc6c79eef3e5d985874d38  avia-builder-el-22  avia-builder-el-no-sibling '  itemscope=\"itemscope\" itemtype=\"https:\/\/schema.org\/Person\" ><div class=\"team-img-container\"><img class='wp-image-5139 avia-img-lazy-loading-not-5139 avia_image avia_image_team' src='https:\/\/tnsportif.com\/wp-content\/uploads\/2020\/02\/trombi_Croquette.jpg' alt='CROQUETTE'  itemprop=\"image\"   height=\"400\" width=\"600\" \/><\/div><h3 class='team-member-name '  itemprop=\"name\" >CROQUETTE<\/h3><div class='team-member-job-title '  itemprop=\"jobTitle\" >et Jean-Claude P.<\/div><div class='team-member-description '  itemprop=\"description\" ><p>24\/07\/2015<\/p>\n<\/div><span class='hidden team-member-affiliation'  itemprop=\"affiliation\" >TNSportif<\/span><\/section><\/div><\/p>\n\n<style type=\"text\/css\" data-created_by=\"avia_inline_auto\" id=\"style-css-av-g66qto-d2214e18ed459d6223de10798cbad416\">\n.flex_column.av-g66qto-d2214e18ed459d6223de10798cbad416{\nborder-radius:0px 0px 0px 0px;\npadding:0px 0px 0px 0px;\n}\n<\/style>\n<div  class='flex_column av-g66qto-d2214e18ed459d6223de10798cbad416 av_one_half  avia-builder-el-23  el_after_av_one_half  el_before_av_one_half  first flex_column_div av-zero-column-padding  column-top-margin'     ><section  class='avia-team-member av-k120tgzj-33291d91876912259441175911969391  avia-builder-el-24  avia-builder-el-no-sibling '  itemscope=\"itemscope\" itemtype=\"https:\/\/schema.org\/Person\" ><div class=\"team-img-container\"><img class='wp-image-5140 avia-img-lazy-loading-not-5140 avia_image avia_image_team' src='https:\/\/tnsportif.com\/wp-content\/uploads\/2020\/02\/trombi_odin.jpg' alt='ODIN'  itemprop=\"image\"   height=\"400\" width=\"600\" \/><\/div><h3 class='team-member-name '  itemprop=\"name\" >ODIN<\/h3><div class='team-member-job-title '  itemprop=\"jobTitle\" >et Ren\u00e9 P\u00a8.<\/div><div class='team-member-description '  itemprop=\"description\" ><p>24\/11\/2018<\/p>\n<\/div><span class='hidden team-member-affiliation'  itemprop=\"affiliation\" >TNSportif<\/span><\/section><\/div>\n\n<style type=\"text\/css\" data-created_by=\"avia_inline_auto\" id=\"style-css-av-d6ssfw-684f39956659242c4452afcbdbdae49f\">\n.flex_column.av-d6ssfw-684f39956659242c4452afcbdbdae49f{\nborder-radius:0px 0px 0px 0px;\npadding:0px 0px 0px 0px;\n}\n<\/style>\n<div  class='flex_column av-d6ssfw-684f39956659242c4452afcbdbdae49f av_one_half  avia-builder-el-25  el_after_av_one_half  el_before_av_one_half  flex_column_div av-zero-column-padding  column-top-margin'     ><section  class='avia-team-member av-k120tgzj-98327b0a6a941a5444d877cdf67e3278  avia-builder-el-26  avia-builder-el-no-sibling '  itemscope=\"itemscope\" itemtype=\"https:\/\/schema.org\/Person\" ><div class=\"team-img-container\"><img class='wp-image-5144 avia-img-lazy-loading-not-5144 avia_image avia_image_team' src='https:\/\/tnsportif.com\/wp-content\/uploads\/2020\/02\/trombi_Olia.jpg' alt='OLIA'  itemprop=\"image\"   height=\"400\" width=\"600\" \/><\/div><h3 class='team-member-name '  itemprop=\"name\" >OLIA<\/h3><div class='team-member-job-title '  itemprop=\"jobTitle\" >et Jocelyn G.<\/div><div class='team-member-description '  itemprop=\"description\" ><p>?<\/p>\n<\/div><span class='hidden team-member-affiliation'  itemprop=\"affiliation\" >TNSportif<\/span><\/section><\/div>\n\n<style type=\"text\/css\" data-created_by=\"avia_inline_auto\" id=\"style-css-av-afyel8-decd5158b15fb2992402af9685b11ff6\">\n.flex_column.av-afyel8-decd5158b15fb2992402af9685b11ff6{\nborder-radius:0px 0px 0px 0px;\npadding:0px 0px 0px 0px;\n}\n<\/style>\n<div  class='flex_column av-afyel8-decd5158b15fb2992402af9685b11ff6 av_one_half  avia-builder-el-27  el_after_av_one_half  el_before_av_one_half  first flex_column_div av-zero-column-padding  column-top-margin'     ><section  class='avia-team-member av-k120tgzj-f8d176351730f6dfacac736f3787ebf6  avia-builder-el-28  avia-builder-el-no-sibling '  itemscope=\"itemscope\" itemtype=\"https:\/\/schema.org\/Person\" ><div class=\"team-img-container\"><img class='wp-image-5146 avia-img-lazy-loading-not-5146 avia_image avia_image_team' src='https:\/\/tnsportif.com\/wp-content\/uploads\/2020\/02\/trombi_Tsuko.jpg' alt='TSOUKO'  itemprop=\"image\"   height=\"400\" width=\"600\" \/><\/div><h3 class='team-member-name '  itemprop=\"name\" >TSOUKO<\/h3><div class='team-member-job-title '  itemprop=\"jobTitle\" >et Killian A.<\/div><div class='team-member-description '  itemprop=\"description\" ><p>?<\/p>\n<\/div><span class='hidden team-member-affiliation'  itemprop=\"affiliation\" >TNSportif<\/span><\/section><\/div>\n\n<style type=\"text\/css\" data-created_by=\"avia_inline_auto\" id=\"style-css-av-yasm58-c37fc3495078677163149179e1d13715\">\n.flex_column.av-yasm58-c37fc3495078677163149179e1d13715{\nborder-radius:0px 0px 0px 0px;\npadding:0px 0px 0px 0px;\n}\n<\/style>\n<div  class='flex_column av-yasm58-c37fc3495078677163149179e1d13715 av_one_half  avia-builder-el-29  el_after_av_one_half  el_before_av_hr  flex_column_div av-zero-column-padding  column-top-margin'     ><section  class='avia-team-member av-k120p6of-814ab420d71b6bb26f5ba30bd089f783  avia-builder-el-30  avia-builder-el-no-sibling '  itemscope=\"itemscope\" itemtype=\"https:\/\/schema.org\/Person\" ><div class=\"team-img-container\"><img class='wp-image-6438 avia-img-lazy-loading-not-6438 avia_image avia_image_team' src='https:\/\/tnsportif.com\/wp-content\/uploads\/2021\/03\/ronn.jpg' alt='RONN'  itemprop=\"image\"   height=\"400\" width=\"600\" \/><\/div><h3 class='team-member-name '  itemprop=\"name\" >RONN<\/h3><div class='team-member-job-title '  itemprop=\"jobTitle\" >et Ren\u00e9 P\u00a8.<\/div><div class='team-member-description '  itemprop=\"description\" ><p>xx\/xx\/2020<\/p>\n<\/div><span class='hidden team-member-affiliation'  itemprop=\"affiliation\" >TNSportif<\/span><\/section><\/div>\n<div  class='hr av-3avv0c-ab09af20482d750d8c81558178314698 hr-full  avia-builder-el-31  el_after_av_one_half  el_before_av_one_full  hr-no-shadow'><span class='hr-inner '><span class=\"hr-inner-style\"><\/span><\/span><\/div>\n\n<style type=\"text\/css\" data-created_by=\"avia_inline_auto\" id=\"style-css-av-1umwll-7f8d9c529154669327eb79c32de5755d\">\n.flex_column.av-1umwll-7f8d9c529154669327eb79c32de5755d{\nborder-radius:0px 0px 0px 0px;\npadding:0px 0px 0px 0px;\n}\n<\/style>\n<div  class='flex_column av-1umwll-7f8d9c529154669327eb79c32de5755d av_one_full  avia-builder-el-32  el_after_av_hr  el_before_av_one_third  first flex_column_div av-zero-column-padding  '     ><style type=\"text\/css\" data-created_by=\"avia_inline_auto\" id=\"style-css-av-juo0hyz5-a5f01f8b8be4b93dfc8da8b48b4c9573\">\n#top .av_textblock_section.av-juo0hyz5-a5f01f8b8be4b93dfc8da8b48b4c9573 .avia_textblock{\ncolor:#cf1b15;\n}\n<\/style>\n<section  class='av_textblock_section av-juo0hyz5-a5f01f8b8be4b93dfc8da8b48b4c9573 '   itemscope=\"itemscope\" itemtype=\"https:\/\/schema.org\/CreativeWork\" ><div class='avia_textblock av_inherit_color'  itemprop=\"text\" ><h2 style=\"text-align: center;\">NOS TERRE-NEUVE UN PEU PARTICULIER&#8230;<\/h2>\n<\/div><\/section><br \/>\n<section  class='av_textblock_section av-k121974b-a745052c09afa5218d4f80298b82557f '   itemscope=\"itemscope\" itemtype=\"https:\/\/schema.org\/CreativeWork\" ><div class='avia_textblock'  itemprop=\"text\" ><p style=\"text-align: center;\">&#8230; mais adorable quand m\u00eame !<\/p>\n<\/div><\/section><br \/>\n\n<style type=\"text\/css\" data-created_by=\"avia_inline_auto\" id=\"style-css-av-2ohd2y-fc5d914b3042be994db108a19f99f020\">\n#top .hr.av-2ohd2y-fc5d914b3042be994db108a19f99f020{\nmargin-top:5px;\nmargin-bottom:30px;\n}\n.hr.av-2ohd2y-fc5d914b3042be994db108a19f99f020 .hr-inner{\nwidth:200px;\nborder-color:#cf1b15;\nmax-width:45%;\n}\n<\/style>\n<div  class='hr av-2ohd2y-fc5d914b3042be994db108a19f99f020 hr-custom  avia-builder-el-35  el_after_av_textblock  avia-builder-el-last  av-mini-hide hr-center hr-icon-yes'><span class='hr-inner inner-border-av-border-thin'><span class=\"hr-inner-style\"><\/span><\/span><span class='av-seperator-icon' aria-hidden='true' data-av_icon='\ue8b9' data-av_iconfont='entypo-fontello'><\/span><span class='hr-inner inner-border-av-border-thin'><span class=\"hr-inner-style\"><\/span><\/span><\/div><\/p><\/div>\n\n<style type=\"text\/css\" data-created_by=\"avia_inline_auto\" id=\"style-css-av-453e8s-46e9232c386696f07eaa14302420f2ec\">\n.flex_column.av-453e8s-46e9232c386696f07eaa14302420f2ec{\nborder-radius:0px 0px 0px 0px;\npadding:0px 0px 0px 0px;\n}\n<\/style>\n<div  class='flex_column av-453e8s-46e9232c386696f07eaa14302420f2ec av_one_third  avia-builder-el-36  el_after_av_one_full  el_before_av_one_third  first flex_column_div av-zero-column-padding  column-top-margin'     ><\/div>\n\n<style type=\"text\/css\" data-created_by=\"avia_inline_auto\" id=\"style-css-av-453e8s-c2975fde7dd754c5d429165ac8f78815\">\n.flex_column.av-453e8s-c2975fde7dd754c5d429165ac8f78815{\nborder-radius:0px 0px 0px 0px;\npadding:0px 0px 0px 0px;\n}\n<\/style>\n<div  class='flex_column av-453e8s-c2975fde7dd754c5d429165ac8f78815 av_one_third  avia-builder-el-37  el_after_av_one_third  el_before_av_one_third  flex_column_div av-zero-column-padding  column-top-margin'     ><section  class='avia-team-member av-k120tgzj-0acd3a64cff894621860496d16ae3efe  avia-builder-el-38  avia-builder-el-no-sibling '  itemscope=\"itemscope\" itemtype=\"https:\/\/schema.org\/Person\" ><div class=\"team-img-container\"><img class='wp-image-5964 avia-img-lazy-loading-not-5964 avia_image avia_image_team' src='https:\/\/tnsportif.com\/wp-content\/uploads\/2020\/11\/trombi_Ombre-600x321.jpg' alt='OMBRE'  itemprop=\"image\"   height=\"321\" width=\"600\" \/><\/div><h3 class='team-member-name '  itemprop=\"name\" >OMBRE<\/h3><div class='team-member-job-title '  itemprop=\"jobTitle\" >et Georges P.<\/div><div class='team-member-description '  itemprop=\"description\" ><p>Timber Shepherd<\/p>\n<\/div><span class='hidden team-member-affiliation'  itemprop=\"affiliation\" >TNSportif<\/span><\/section><\/div>\n\n<style type=\"text\/css\" data-created_by=\"avia_inline_auto\" id=\"style-css-av-453e8s-c2975fde7dd754c5d429165ac8f78815\">\n.flex_column.av-453e8s-c2975fde7dd754c5d429165ac8f78815{\nborder-radius:0px 0px 0px 0px;\npadding:0px 0px 0px 0px;\n}\n<\/style>\n<div  class='flex_column av-453e8s-c2975fde7dd754c5d429165ac8f78815 av_one_third  avia-builder-el-39  el_after_av_one_third  el_before_av_hr  flex_column_div av-zero-column-padding  column-top-margin'     ><\/div>\n<div  class='hr av-3avv0c-ab09af20482d750d8c81558178314698 hr-full  avia-builder-el-40  el_after_av_one_third  el_before_av_textblock  hr-no-shadow'><span class='hr-inner '><span class=\"hr-inner-style\"><\/span><\/span><\/div>\n\n<style type=\"text\/css\" data-created_by=\"avia_inline_auto\" id=\"style-css-av-juuc61v5-9b147f0147adfa89cbd55ac5c37b6e1d\">\n#top .av_textblock_section.av-juuc61v5-9b147f0147adfa89cbd55ac5c37b6e1d .avia_textblock{\ncolor:#cf1b15;\n}\n<\/style>\n<section  class='av_textblock_section av-juuc61v5-9b147f0147adfa89cbd55ac5c37b6e1d '   itemscope=\"itemscope\" itemtype=\"https:\/\/schema.org\/CreativeWork\" ><div class='avia_textblock av_inherit_color'  itemprop=\"text\" ><h3 style=\"text-align: center;\">Toute l&rsquo;\u00e9quipe du T.N.S. vous accueillera avec plaisir lors de nos entra\u00eenements ou d\u00e9placements.<\/h3>\n<h3 style=\"text-align: center;\">\u00c0 bient\u00f4t !<\/h3>\n<\/div><\/section>\n","protected":false},"excerpt":{"rendered":"","protected":false},"author":1,"featured_media":0,"parent":1122,"menu_order":0,"comment_status":"closed","ping_status":"closed","template":"","meta":{"footnotes":""},"class_list":["post-1212","page","type-page","status-publish","hentry"],"_links":{"self":[{"href":"https:\/\/tnsportif.com\/index.php\/wp-json\/wp\/v2\/pages\/1212","targetHints":{"allow":["GET"]}}],"collection":[{"href":"https:\/\/tnsportif.com\/index.php\/wp-json\/wp\/v2\/pages"}],"about":[{"href":"https:\/\/tnsportif.com\/index.php\/wp-json\/wp\/v2\/types\/page"}],"author":[{"embeddable":true,"href":"https:\/\/tnsportif.com\/index.php\/wp-json\/wp\/v2\/users\/1"}],"replies":[{"embeddable":true,"href":"https:\/\/tnsportif.com\/index.php\/wp-json\/wp\/v2\/comments?post=1212"}],"version-history":[{"count":67,"href":"https:\/\/tnsportif.com\/index.php\/wp-json\/wp\/v2\/pages\/1212\/revisions"}],"predecessor-version":[{"id":6721,"href":"https:\/\/tnsportif.com\/index.php\/wp-json\/wp\/v2\/pages\/1212\/revisions\/6721"}],"up":[{"embeddable":true,"href":"https:\/\/tnsportif.com\/index.php\/wp-json\/wp\/v2\/pages\/1122"}],"wp:attachment":[{"href":"https:\/\/tnsportif.com\/index.php\/wp-json\/wp\/v2\/media?parent=1212"}],"curies":[{"name":"wp","href":"https:\/\/api.w.org\/{rel}","templated":true}]}}