{"id":3242,"date":"2019-04-19T12:13:16","date_gmt":"2019-04-19T10:13:16","guid":{"rendered":"https:\/\/tnsportif.com\/?page_id=3242"},"modified":"2019-11-02T23:38:48","modified_gmt":"2019-11-02T22:38:48","slug":"nos-evenements-2019","status":"publish","type":"page","link":"https:\/\/tnsportif.com\/index.php\/masonry-portfolio\/nos-evenements-2019\/","title":{"rendered":"Nos \u00e9v\u00e9nements 2019"},"content":{"rendered":"<div id='av_section_1'  class='avia-section av-999gd6-940535a39c90c9f49883fdc3ff6d7427 main_color avia-section-default avia-no-border-styling  avia-builder-el-0  el_before_av_section  avia-builder-el-first  avia-bg-style-scroll container_wrap sidebar_left'  ><div class='container av-section-cont-open' ><main  role=\"main\" itemprop=\"mainContentOfPage\"  class='template-page content  av-content-small units'><div class='post-entry post-entry-type-page post-entry-3242'><div class='entry-content-wrapper clearfix'>\n\n<style type=\"text\/css\" data-created_by=\"avia_inline_auto\" id=\"style-css-av-juo0hyz5-11368cb46c699a9403e7d3bf21bcc2b6\">\n#top .av_textblock_section.av-juo0hyz5-11368cb46c699a9403e7d3bf21bcc2b6 .avia_textblock{\ncolor:#cf1b15;\n}\n<\/style>\n<section  class='av_textblock_section av-juo0hyz5-11368cb46c699a9403e7d3bf21bcc2b6 '   itemscope=\"itemscope\" itemtype=\"https:\/\/schema.org\/CreativeWork\" ><div class='avia_textblock av_inherit_color'  itemprop=\"text\" ><h1 style=\"text-align: center;\">NOS \u00c9V\u00c9NEMENTS 2019<\/h1>\n<\/div><\/section>\n\n<style type=\"text\/css\" data-created_by=\"avia_inline_auto\" id=\"style-css-av-2ohd2y-fcc66ae9cd0de3318adb2d7d5d67c4d1\">\n#top .hr.av-2ohd2y-fcc66ae9cd0de3318adb2d7d5d67c4d1{\nmargin-top:5px;\nmargin-bottom:30px;\n}\n.hr.av-2ohd2y-fcc66ae9cd0de3318adb2d7d5d67c4d1 .hr-inner{\nwidth:200px;\nborder-color:#cf1b15;\nmax-width:45%;\n}\n<\/style>\n<div  class='hr av-2ohd2y-fcc66ae9cd0de3318adb2d7d5d67c4d1 hr-custom  avia-builder-el-2  el_after_av_textblock  el_before_av_one_third  av-mini-hide hr-center hr-icon-yes'><span class='hr-inner inner-border-av-border-thin'><span class=\"hr-inner-style\"><\/span><\/span><span class='av-seperator-icon' aria-hidden='true' data-av_icon='\ue8b9' data-av_iconfont='entypo-fontello'><\/span><span class='hr-inner inner-border-av-border-thin'><span class=\"hr-inner-style\"><\/span><\/span><\/div>\n\n<style type=\"text\/css\" data-created_by=\"avia_inline_auto\" id=\"style-css-av-7x7zka-d458d0945b86e667b4e12d24ebc8a506\">\n.flex_column.av-7x7zka-d458d0945b86e667b4e12d24ebc8a506{\nborder-radius:0px 0px 0px 0px;\npadding:0px 0px 0px 0px;\n}\n<\/style>\n<div  class='flex_column av-7x7zka-d458d0945b86e667b4e12d24ebc8a506 av_one_third  avia-builder-el-3  el_after_av_hr  el_before_av_one_third  first flex_column_div av-zero-column-padding  '     ><p>\n<style type=\"text\/css\" data-created_by=\"avia_inline_auto\" id=\"style-css-av-juny2kb7-fb7e9345cb7100b03a0db822aa5e75ab\">\n.avia-image-container.av-juny2kb7-fb7e9345cb7100b03a0db822aa5e75ab img.avia_image{\nbox-shadow:none;\n}\n.avia-image-container.av-juny2kb7-fb7e9345cb7100b03a0db822aa5e75ab .av-image-caption-overlay-center{\ncolor:#ffffff;\n}\n<\/style>\n<div  class='avia-image-container av-juny2kb7-fb7e9345cb7100b03a0db822aa5e75ab av-styling- avia-align-center  avia-builder-el-4  el_before_av_textblock  avia-builder-el-first '   itemprop=\"image\" itemscope=\"itemscope\" itemtype=\"https:\/\/schema.org\/ImageObject\" ><div class=\"avia-image-container-inner\"><div class=\"avia-image-overlay-wrap\"><a href=\"https:\/\/tnsportif.com\/index.php\/masonry-portfolio\/nos-evenements-2019\/37e-rencontre-internationale\/\" class='avia_image'  aria-label='Welzheim 2019 ok'><img class='wp-image-3272 avia-img-lazy-loading-not-3272 avia_image ' src='https:\/\/tnsportif.com\/wp-content\/uploads\/2019\/04\/Welzheim-2019-ok-300x286.jpg' alt='' title='Welzheim 2019 ok'  height=\"286\" width=\"300\"  itemprop=\"thumbnailUrl\"  \/><\/a><\/div><\/div><\/div><br \/>\n<section  class='av_textblock_section av-junwv6tu-7c45d427243004506c3801a021d43c8d '   itemscope=\"itemscope\" itemtype=\"https:\/\/schema.org\/CreativeWork\" ><div class='avia_textblock'  itemprop=\"text\" ><p><a href=\"https:\/\/tnsportif.com\/index.php\/nos-evenements-2019\/37e-rencontre-internationale\/\"><strong>8, 9 et 10 JUIN 2019<\/strong><\/a><br \/>\n<a href=\"https:\/\/tnsportif.com\/index.php\/nos-evenements-2019\/37e-rencontre-internationale\/\"><strong>37e RENCONTRE INTERNATIONALE<\/strong><\/a><\/p>\n<p>Cette ann\u00e9e la Rencontre Internationale de Terre-Neuve est organis\u00e9e par le Club Allemand \u00ab\u00a0Neufundl\u00e4nderfreunde Remstalgruppe Winterbach e.V.\u00a0\u00bb \u00e0 Welzheim les 8, 9 et 10 juin 2019.<\/p>\n<\/div><\/section><\/p><\/div>\n<style type=\"text\/css\" data-created_by=\"avia_inline_auto\" id=\"style-css-av-7x7zka-612589443973927f560f64976806334a\">\n.flex_column.av-7x7zka-612589443973927f560f64976806334a{\nborder-radius:0px 0px 0px 0px;\npadding:0px 0px 0px 0px;\n}\n<\/style>\n<div  class='flex_column av-7x7zka-612589443973927f560f64976806334a av_one_third  avia-builder-el-6  el_after_av_one_third  el_before_av_one_third  flex_column_div av-zero-column-padding  '     ><p>\n<style type=\"text\/css\" data-created_by=\"avia_inline_auto\" id=\"style-css-av-juny2kb7-16bbae7ff30a81b1b18954d0fd42817e\">\n.avia-image-container.av-juny2kb7-16bbae7ff30a81b1b18954d0fd42817e img.avia_image{\nbox-shadow:none;\n}\n.avia-image-container.av-juny2kb7-16bbae7ff30a81b1b18954d0fd42817e .av-image-caption-overlay-center{\ncolor:#ffffff;\n}\n<\/style>\n<div  class='avia-image-container av-juny2kb7-16bbae7ff30a81b1b18954d0fd42817e av-styling- avia-align-center  avia-builder-el-7  el_before_av_textblock  avia-builder-el-first '   itemprop=\"image\" itemscope=\"itemscope\" itemtype=\"https:\/\/schema.org\/ImageObject\" ><div class=\"avia-image-container-inner\"><div class=\"avia-image-overlay-wrap\"><a href=\"https:\/\/tnsportif.com\/index.php\/masonry-portfolio\/nos-evenements-2019\/festival-du-printemps-sur-seine\/\" class='avia_image'  aria-label='Affiche Printemps sur Seine'><img class='wp-image-3567 avia-img-lazy-loading-not-3567 avia_image ' src='https:\/\/tnsportif.com\/wp-content\/uploads\/2019\/06\/Affiche-Printemps-sur-Seine-212x300.jpg' alt='' title='Affiche Printemps sur Seine'  height=\"300\" width=\"212\"  itemprop=\"thumbnailUrl\"  \/><\/a><\/div><\/div><\/div><br \/>\n<section  class='av_textblock_section av-junwv6tu-021e1ef2505d04dd3796bdf5a19cd422 '   itemscope=\"itemscope\" itemtype=\"https:\/\/schema.org\/CreativeWork\" ><div class='avia_textblock'  itemprop=\"text\" ><p><strong>SAMEDI 15 JUIN 2019<\/strong><br \/>\n<strong>FESTIVAL PRINTEMPS SUR SEINE<\/strong><\/p>\n<p>Cette ann\u00e9e, le festival s\u2019animera autour de la th\u00e9matique de l\u2019eau. Nous serons pr\u00e9sents avec un stand sur sauvetage aquatique de nos chiens Terre-Neuve. Nous vous pr\u00e9senterons cette magnifique race, en vous montrant leur capacit\u00e9 de travail aussi bien au sol qu\u2019\u00e0 l\u2019eau.<\/p>\n<\/div><\/section><\/p><\/div>\n<style type=\"text\/css\" data-created_by=\"avia_inline_auto\" id=\"style-css-av-7x7zka-612589443973927f560f64976806334a\">\n.flex_column.av-7x7zka-612589443973927f560f64976806334a{\nborder-radius:0px 0px 0px 0px;\npadding:0px 0px 0px 0px;\n}\n<\/style>\n<div  class='flex_column av-7x7zka-612589443973927f560f64976806334a av_one_third  avia-builder-el-9  el_after_av_one_third  avia-builder-el-last  flex_column_div av-zero-column-padding  '     ><p>\n<style type=\"text\/css\" data-created_by=\"avia_inline_auto\" id=\"style-css-av-juny2kb7-d9d973a095e0308883159ac7140bd13e\">\n.avia-image-container.av-juny2kb7-d9d973a095e0308883159ac7140bd13e img.avia_image{\nbox-shadow:none;\n}\n.avia-image-container.av-juny2kb7-d9d973a095e0308883159ac7140bd13e .av-image-caption-overlay-center{\ncolor:#ffffff;\n}\n<\/style>\n<div  class='avia-image-container av-juny2kb7-d9d973a095e0308883159ac7140bd13e av-styling- avia-align-center  avia-builder-el-10  el_before_av_textblock  avia-builder-el-first '   itemprop=\"image\" itemscope=\"itemscope\" itemtype=\"https:\/\/schema.org\/ImageObject\" ><div class=\"avia-image-container-inner\"><div class=\"avia-image-overlay-wrap\"><a href=\"https:\/\/tnsportif.com\/index.php\/masonry-portfolio\/nos-evenements-2019\/festival-de-leau-meaux\/\" class='avia_image'  aria-label='MEAUX 2019_site'><img class='wp-image-3289 avia-img-lazy-loading-not-3289 avia_image ' src='https:\/\/tnsportif.com\/wp-content\/uploads\/2019\/04\/MEAUX-2019_site-300x286.jpg' alt='' title='MEAUX 2019_site'  height=\"286\" width=\"300\"  itemprop=\"thumbnailUrl\"  \/><\/a><\/div><\/div><\/div><br \/>\n<section  class='av_textblock_section av-junwv6tu-021e1ef2505d04dd3796bdf5a19cd422 '   itemscope=\"itemscope\" itemtype=\"https:\/\/schema.org\/CreativeWork\" ><div class='avia_textblock'  itemprop=\"text\" ><p><strong>22 et 23 JUIN 2019<\/strong><br \/>\n<strong>F\u00caTE DE L&rsquo;EAU \u00e0 MEAUX<\/strong><\/p>\n<p>Nombreuses activit\u00e9s nautiques (cano\u00eb kayak, aviron, p\u00e9dalo\u2026) mais \u00e9galement des promenades en zodiac, spectacle de jet ski ou encore d\u00e9monstrations de chiens Terre-Neuve.<\/p>\n<p>Quai Sadi Carnot en bord de Marne &#8211; Entr\u00e9e libre.<\/p>\n<\/div><\/section><\/p><\/div><\/div><\/div><\/main><!-- close content main element --><\/div><\/div><div id='av_section_2'  class='avia-section av-999gd6-940535a39c90c9f49883fdc3ff6d7427 main_color avia-section-default avia-no-border-styling  avia-builder-el-12  el_after_av_section  avia-builder-el-last  avia-bg-style-scroll container_wrap sidebar_left'  ><div class='container av-section-cont-open' ><div class='template-page content  av-content-small units'><div class='post-entry post-entry-type-page post-entry-3242'><div class='entry-content-wrapper clearfix'>\n\n<style type=\"text\/css\" data-created_by=\"avia_inline_auto\" id=\"style-css-av-7x7zka-d458d0945b86e667b4e12d24ebc8a506\">\n.flex_column.av-7x7zka-d458d0945b86e667b4e12d24ebc8a506{\nborder-radius:0px 0px 0px 0px;\npadding:0px 0px 0px 0px;\n}\n<\/style>\n<div  class='flex_column av-7x7zka-d458d0945b86e667b4e12d24ebc8a506 av_one_third  avia-builder-el-13  el_before_av_one_third  avia-builder-el-first  first flex_column_div av-zero-column-padding  '     ><p>\n<style type=\"text\/css\" data-created_by=\"avia_inline_auto\" id=\"style-css-av-juny2kb7-cb167b257d458abf95574e8ff5e2baf9\">\n.avia-image-container.av-juny2kb7-cb167b257d458abf95574e8ff5e2baf9 img.avia_image{\nbox-shadow:none;\n}\n.avia-image-container.av-juny2kb7-cb167b257d458abf95574e8ff5e2baf9 .av-image-caption-overlay-center{\ncolor:#ffffff;\n}\n<\/style>\n<div  class='avia-image-container av-juny2kb7-cb167b257d458abf95574e8ff5e2baf9 av-styling- avia-align-center  avia-builder-el-14  el_before_av_textblock  avia-builder-el-first '   itemprop=\"image\" itemscope=\"itemscope\" itemtype=\"https:\/\/schema.org\/ImageObject\" ><div class=\"avia-image-container-inner\"><div class=\"avia-image-overlay-wrap\"><img class='wp-image-3295 avia-img-lazy-loading-not-3295 avia_image ' src='https:\/\/tnsportif.com\/wp-content\/uploads\/2019\/04\/Lagny_site-300x286.jpg' alt='' title='Lagny_site'  height=\"286\" width=\"300\"  itemprop=\"thumbnailUrl\"  \/><\/div><\/div><\/div><br \/>\n<section  class='av_textblock_section av-junwv6tu-021e1ef2505d04dd3796bdf5a19cd422 '   itemscope=\"itemscope\" itemtype=\"https:\/\/schema.org\/CreativeWork\" ><div class='avia_textblock'  itemprop=\"text\" ><p><strong>22 et 23 JUIN 2019<\/strong><br \/>\n<strong>LA F\u00caTE DE LA MARNE \u00e0 LAGNY<\/strong><\/p>\n<p>La Marne fait son show ! En juin, impossible de passer \u00e0 c\u00f4t\u00e9 de la F\u00eate de la Marne, v\u00e9ritable temps fort de la ville de Lagny-sur-Marne\u00a0!<br \/>\nSur terre ou sur l\u2019eau, venez profiter chaque ann\u00e9e de multiples activit\u00e9s amusantes et originales telles que le baby ski nautique, le water roller, le tournois de joutes, les mini p\u00e9dalos et bien d\u2019autres encore\u2026<\/p>\n<p>Venez larguer les amarres et profiter de ce rendez-vous incontournable\u00a0!<\/p>\n<\/div><\/section><\/p><\/div>\n<style type=\"text\/css\" data-created_by=\"avia_inline_auto\" id=\"style-css-av-7x7zka-612589443973927f560f64976806334a\">\n.flex_column.av-7x7zka-612589443973927f560f64976806334a{\nborder-radius:0px 0px 0px 0px;\npadding:0px 0px 0px 0px;\n}\n<\/style>\n<div  class='flex_column av-7x7zka-612589443973927f560f64976806334a av_one_third  avia-builder-el-16  el_after_av_one_third  el_before_av_one_third  flex_column_div av-zero-column-padding  '     ><p>\n<style type=\"text\/css\" data-created_by=\"avia_inline_auto\" id=\"style-css-av-juny2kb7-63ee47ddd524358c447969e07dd4aa38\">\n.avia-image-container.av-juny2kb7-63ee47ddd524358c447969e07dd4aa38 img.avia_image{\nbox-shadow:none;\n}\n.avia-image-container.av-juny2kb7-63ee47ddd524358c447969e07dd4aa38 .av-image-caption-overlay-center{\ncolor:#ffffff;\n}\n<\/style>\n<div  class='avia-image-container av-juny2kb7-63ee47ddd524358c447969e07dd4aa38 av-styling- avia-align-center  avia-builder-el-17  el_before_av_textblock  avia-builder-el-first '   itemprop=\"image\" itemscope=\"itemscope\" itemtype=\"https:\/\/schema.org\/ImageObject\" ><div class=\"avia-image-container-inner\"><div class=\"avia-image-overlay-wrap\"><img class='wp-image-3297 avia-img-lazy-loading-not-3297 avia_image ' src='https:\/\/tnsportif.com\/wp-content\/uploads\/2019\/04\/Intercleb_site-300x286.jpg' alt='' title='Intercleb_site'  height=\"286\" width=\"300\"  itemprop=\"thumbnailUrl\"  \/><\/div><\/div><\/div><br \/>\n<section  class='av_textblock_section av-junwv6tu-021e1ef2505d04dd3796bdf5a19cd422 '   itemscope=\"itemscope\" itemtype=\"https:\/\/schema.org\/CreativeWork\" ><div class='avia_textblock'  itemprop=\"text\" ><p><strong>28, 29 et 30 JUIN 2019<br \/>\nRENCONTRE INTERCLUB<\/strong><\/p>\n<p>Cette ann\u00e9e la Rencontre Interclub est organis\u00e9e par nos amis de l&rsquo;Amical Jurassi\u00e8ne du chien Terre-Neuve \u00e0 Fretterans.<\/p>\n<p>Sourires et bonne humeur seront au rendez-vous !<\/p>\n<\/div><\/section><\/p><\/div>\n<style type=\"text\/css\" data-created_by=\"avia_inline_auto\" id=\"style-css-av-7x7zka-612589443973927f560f64976806334a\">\n.flex_column.av-7x7zka-612589443973927f560f64976806334a{\nborder-radius:0px 0px 0px 0px;\npadding:0px 0px 0px 0px;\n}\n<\/style>\n<div  class='flex_column av-7x7zka-612589443973927f560f64976806334a av_one_third  avia-builder-el-19  el_after_av_one_third  el_before_av_one_third  flex_column_div av-zero-column-padding  '     ><p>\n<style type=\"text\/css\" data-created_by=\"avia_inline_auto\" id=\"style-css-av-juny2kb7-95d76d87714f9e69c7dd5ab104189438\">\n.avia-image-container.av-juny2kb7-95d76d87714f9e69c7dd5ab104189438 img.avia_image{\nbox-shadow:none;\n}\n.avia-image-container.av-juny2kb7-95d76d87714f9e69c7dd5ab104189438 .av-image-caption-overlay-center{\ncolor:#ffffff;\n}\n<\/style>\n<div  class='avia-image-container av-juny2kb7-95d76d87714f9e69c7dd5ab104189438 av-styling- avia-align-center  avia-builder-el-20  el_before_av_textblock  avia-builder-el-first '   itemprop=\"image\" itemscope=\"itemscope\" itemtype=\"https:\/\/schema.org\/ImageObject\" ><div class=\"avia-image-container-inner\"><div class=\"avia-image-overlay-wrap\"><img class='wp-image-4529 avia-img-lazy-loading-not-4529 avia_image ' src='https:\/\/tnsportif.com\/wp-content\/uploads\/2019\/10\/Changis-212x300.jpg' alt='' title='Changis'  height=\"300\" width=\"212\"  itemprop=\"thumbnailUrl\"  \/><\/div><\/div><\/div><br \/>\n<section  class='av_textblock_section av-junwv6tu-7c45d427243004506c3801a021d43c8d '   itemscope=\"itemscope\" itemtype=\"https:\/\/schema.org\/CreativeWork\" ><div class='avia_textblock'  itemprop=\"text\" ><p><strong>DIMANCHE 14 JUILLET 2019<br \/>\nF\u00caTE DE L&rsquo;EAU \u00e0 CHANGIS<\/strong><\/p>\n<p>C&rsquo;est toujours un plaisir de participer \u00e0 le f\u00eate de l&rsquo;eau \u00e0 Changis.<\/p>\n<p>Journ\u00e9e toujours tr\u00e8s conviviale et chaleureuse.<\/p>\n<\/div><\/section><\/p><\/div>\n<style type=\"text\/css\" data-created_by=\"avia_inline_auto\" id=\"style-css-av-7x7zka-d458d0945b86e667b4e12d24ebc8a506\">\n.flex_column.av-7x7zka-d458d0945b86e667b4e12d24ebc8a506{\nborder-radius:0px 0px 0px 0px;\npadding:0px 0px 0px 0px;\n}\n<\/style>\n<div  class='flex_column av-7x7zka-d458d0945b86e667b4e12d24ebc8a506 av_one_third  avia-builder-el-22  el_after_av_one_third  el_before_av_one_third  first flex_column_div av-zero-column-padding  column-top-margin'     ><p>\n<style type=\"text\/css\" data-created_by=\"avia_inline_auto\" id=\"style-css-av-juny2kb7-edc1c32d64a0c2dee28ba9c2f79f37c7\">\n.avia-image-container.av-juny2kb7-edc1c32d64a0c2dee28ba9c2f79f37c7 img.avia_image{\nbox-shadow:none;\n}\n.avia-image-container.av-juny2kb7-edc1c32d64a0c2dee28ba9c2f79f37c7 .av-image-caption-overlay-center{\ncolor:#ffffff;\n}\n<\/style>\n<div  class='avia-image-container av-juny2kb7-edc1c32d64a0c2dee28ba9c2f79f37c7 av-styling- avia-align-center  avia-builder-el-23  el_before_av_textblock  avia-builder-el-first '   itemprop=\"image\" itemscope=\"itemscope\" itemtype=\"https:\/\/schema.org\/ImageObject\" ><div class=\"avia-image-container-inner\"><div class=\"avia-image-overlay-wrap\"><a href=\"https:\/\/tnsportif.com\/index.php\/masonry-portfolio\/nos-evenements-2019\/carrefour-des-associations-2019-chelles\/\" class='avia_image'  aria-label='CHELLES_site'><img class='wp-image-3313 avia-img-lazy-loading-not-3313 avia_image ' src='https:\/\/tnsportif.com\/wp-content\/uploads\/2019\/04\/CHELLES_site-300x286.jpg' alt='' title='CHELLES_site'  height=\"286\" width=\"300\"  itemprop=\"thumbnailUrl\"  \/><\/a><\/div><\/div><\/div><br \/>\n<section  class='av_textblock_section av-junwv6tu-021e1ef2505d04dd3796bdf5a19cd422 '   itemscope=\"itemscope\" itemtype=\"https:\/\/schema.org\/CreativeWork\" ><div class='avia_textblock'  itemprop=\"text\" ><p><strong>SAMEDI 14 SEPTEMBRE 2019<br \/>\nCARREFOUR DES ASSOCIATION de CHELLES<\/strong><\/p>\n<p>Comme chaque ann\u00e9e, nous serons pr\u00e9sents sur le Carrefour des Associations qui se d\u00e9roulera au Centre Culturel de Chelles.<\/p>\n<\/div><\/section><\/p><\/div>\n<style type=\"text\/css\" data-created_by=\"avia_inline_auto\" id=\"style-css-av-7x7zka-612589443973927f560f64976806334a\">\n.flex_column.av-7x7zka-612589443973927f560f64976806334a{\nborder-radius:0px 0px 0px 0px;\npadding:0px 0px 0px 0px;\n}\n<\/style>\n<div  class='flex_column av-7x7zka-612589443973927f560f64976806334a av_one_third  avia-builder-el-25  el_after_av_one_third  el_before_av_one_third  flex_column_div av-zero-column-padding  column-top-margin'     ><p>\n<style type=\"text\/css\" data-created_by=\"avia_inline_auto\" id=\"style-css-av-juny2kb7-cb01e882cbccda7144c4a709f0e71ac1\">\n.avia-image-container.av-juny2kb7-cb01e882cbccda7144c4a709f0e71ac1 img.avia_image{\nbox-shadow:none;\n}\n.avia-image-container.av-juny2kb7-cb01e882cbccda7144c4a709f0e71ac1 .av-image-caption-overlay-center{\ncolor:#ffffff;\n}\n<\/style>\n<div  class='avia-image-container av-juny2kb7-cb01e882cbccda7144c4a709f0e71ac1 av-styling- avia-align-center  avia-builder-el-26  el_before_av_textblock  avia-builder-el-first '   itemprop=\"image\" itemscope=\"itemscope\" itemtype=\"https:\/\/schema.org\/ImageObject\" ><div class=\"avia-image-container-inner\"><div class=\"avia-image-overlay-wrap\"><a href=\"https:\/\/tnsportif.com\/index.php\/masonry-portfolio\/nos-evenements-2019\/fort-mahon-2019\/\" class='avia_image'  aria-label='TNS Fort-Mahon_site'><img class='wp-image-3323 avia-img-lazy-loading-not-3323 avia_image ' src='https:\/\/tnsportif.com\/wp-content\/uploads\/2019\/04\/Fort-Mahon_site-300x286.jpg' alt='' title='TNS Fort-Mahon_site'  height=\"286\" width=\"300\"  itemprop=\"thumbnailUrl\"  \/><\/a><\/div><\/div><\/div><br \/>\n<section  class='av_textblock_section av-junwv6tu-021e1ef2505d04dd3796bdf5a19cd422 '   itemscope=\"itemscope\" itemtype=\"https:\/\/schema.org\/CreativeWork\" ><div class='avia_textblock'  itemprop=\"text\" ><p><strong>2e QUINZAINE DE SEPTEMBRE 2019<\/strong><br \/>\n<strong>ENTRA\u00ceNEMENT EN MER \u00e0 FORT-MAHON<\/strong><\/p>\n<p>Comme chaque ann\u00e9e, cet avec plaisir que nous passerons le weekend \u00e0 Fort-Mahon-Plage.<br \/>\nCette entra\u00eenement en mer nous permet de partager avec le public notre passion pour le Terre-Neuve et nous permets de faire de nouvelles rencontres !<\/p>\n<\/div><\/section><\/p><\/div>\n<style type=\"text\/css\" data-created_by=\"avia_inline_auto\" id=\"style-css-av-7x7zka-612589443973927f560f64976806334a\">\n.flex_column.av-7x7zka-612589443973927f560f64976806334a{\nborder-radius:0px 0px 0px 0px;\npadding:0px 0px 0px 0px;\n}\n<\/style>\n<div  class='flex_column av-7x7zka-612589443973927f560f64976806334a av_one_third  avia-builder-el-28  el_after_av_one_third  avia-builder-el-last  flex_column_div av-zero-column-padding  column-top-margin'     ><p>\n<style type=\"text\/css\" data-created_by=\"avia_inline_auto\" id=\"style-css-av-juny2kb7-228d3c5af9150aa71e5b1b301006549d\">\n.avia-image-container.av-juny2kb7-228d3c5af9150aa71e5b1b301006549d img.avia_image{\nbox-shadow:none;\n}\n.avia-image-container.av-juny2kb7-228d3c5af9150aa71e5b1b301006549d .av-image-caption-overlay-center{\ncolor:#ffffff;\n}\n<\/style>\n<div  class='avia-image-container av-juny2kb7-228d3c5af9150aa71e5b1b301006549d av-styling- avia-align-center  avia-builder-el-29  el_before_av_textblock  avia-builder-el-first '   itemprop=\"image\" itemscope=\"itemscope\" itemtype=\"https:\/\/schema.org\/ImageObject\" ><div class=\"avia-image-container-inner\"><div class=\"avia-image-overlay-wrap\"><a href=\"https:\/\/tnsportif.com\/index.php\/masonry-portfolio\/nos-evenements-2019\/fete-de-la-campagne-lisle-adam\/\" class='avia_image'  aria-label='ISLE ADAM_site'><img class='wp-image-3335 avia-img-lazy-loading-not-3335 avia_image ' src='https:\/\/tnsportif.com\/wp-content\/uploads\/2019\/04\/ISLE-ADAM_site-300x286.jpg' alt='' title='ISLE ADAM_site'  height=\"286\" width=\"300\"  itemprop=\"thumbnailUrl\"  \/><\/a><\/div><\/div><\/div><br \/>\n<section  class='av_textblock_section av-junwv6tu-021e1ef2505d04dd3796bdf5a19cd422 '   itemscope=\"itemscope\" itemtype=\"https:\/\/schema.org\/CreativeWork\" ><div class='avia_textblock'  itemprop=\"text\" ><p><strong>19 et 20 OCTOBRE 2019<br \/>\nF\u00caTE DE LA CAMPAGNE \u00e0 L&rsquo;ISLE-ADAM<\/strong><\/p>\n<p>Les 19 et 20 octobre, la Municipalit\u00e9 et la Communaut\u00e9 de Communes de la Vall\u00e9e de l&rsquo;Oise et des Trois For\u00eats vous propose de go\u00fbter aux plaisirs simples de la campagne ! Entre l\u00e2chers de pigeons, d\u00e9monstrations de chiens Terre Neuve, moutons, oies, rapaces ou encore p\u00eache \u00e0 la truite, ferme vivante \u00ab clown fermier \u00bb, promenades en cal\u00e8che et surtout d\u00e9gustation de produits naturels directement issus de producteurs de la r\u00e9gion&#8230;. un week-end bien charg\u00e9 vous attend !<\/p>\n<p>Le dimanche : messe en plein air, dans le parc Manchez, avec b\u00e9n\u00e9diction<\/p>\n<\/div><\/section><\/p><\/div><\/div><\/div><\/div><!-- close content main div --><\/div><\/div><div id='after_section_2'  class='main_color av_default_container_wrap container_wrap sidebar_left'  ><div class='container av-section-cont-open' ><div class='template-page content  av-content-small units'><div class='post-entry post-entry-type-page post-entry-3242'><div class='entry-content-wrapper clearfix'><\/p>\n","protected":false},"excerpt":{"rendered":"","protected":false},"author":1,"featured_media":0,"parent":2632,"menu_order":2,"comment_status":"closed","ping_status":"closed","template":"","meta":{"footnotes":""},"class_list":["post-3242","page","type-page","status-publish","hentry"],"_links":{"self":[{"href":"https:\/\/tnsportif.com\/index.php\/wp-json\/wp\/v2\/pages\/3242","targetHints":{"allow":["GET"]}}],"collection":[{"href":"https:\/\/tnsportif.com\/index.php\/wp-json\/wp\/v2\/pages"}],"about":[{"href":"https:\/\/tnsportif.com\/index.php\/wp-json\/wp\/v2\/types\/page"}],"author":[{"embeddable":true,"href":"https:\/\/tnsportif.com\/index.php\/wp-json\/wp\/v2\/users\/1"}],"replies":[{"embeddable":true,"href":"https:\/\/tnsportif.com\/index.php\/wp-json\/wp\/v2\/comments?post=3242"}],"version-history":[{"count":16,"href":"https:\/\/tnsportif.com\/index.php\/wp-json\/wp\/v2\/pages\/3242\/revisions"}],"predecessor-version":[{"id":5205,"href":"https:\/\/tnsportif.com\/index.php\/wp-json\/wp\/v2\/pages\/3242\/revisions\/5205"}],"up":[{"embeddable":true,"href":"https:\/\/tnsportif.com\/index.php\/wp-json\/wp\/v2\/pages\/2632"}],"wp:attachment":[{"href":"https:\/\/tnsportif.com\/index.php\/wp-json\/wp\/v2\/media?parent=3242"}],"curies":[{"name":"wp","href":"https:\/\/api.w.org\/{rel}","templated":true}]}}