{"id":5026,"date":"2020-02-05T13:14:36","date_gmt":"2020-02-05T12:14:36","guid":{"rendered":"https:\/\/tnsportif.com\/?page_id=5026"},"modified":"2021-01-13T15:01:03","modified_gmt":"2021-01-13T14:01:03","slug":"nos-evenements-2020","status":"publish","type":"page","link":"https:\/\/tnsportif.com\/index.php\/masonry-portfolio\/nos-evenements-2020\/","title":{"rendered":"Nos \u00e9v\u00e8nements 2020"},"content":{"rendered":"<div id='av_section_1'  class='avia-section av-999gd6-940535a39c90c9f49883fdc3ff6d7427 main_color avia-section-default avia-no-border-styling  avia-builder-el-0  el_before_av_section  avia-builder-el-first  avia-bg-style-scroll container_wrap sidebar_left'  ><div class='container av-section-cont-open' ><main  role=\"main\" itemprop=\"mainContentOfPage\"  class='template-page content  av-content-small units'><div class='post-entry post-entry-type-page post-entry-5026'><div class='entry-content-wrapper clearfix'>\n\n<style type=\"text\/css\" data-created_by=\"avia_inline_auto\" id=\"style-css-av-juo0hyz5-a5f01f8b8be4b93dfc8da8b48b4c9573\">\n#top .av_textblock_section.av-juo0hyz5-a5f01f8b8be4b93dfc8da8b48b4c9573 .avia_textblock{\ncolor:#cf1b15;\n}\n<\/style>\n<section  class='av_textblock_section av-juo0hyz5-a5f01f8b8be4b93dfc8da8b48b4c9573 '   itemscope=\"itemscope\" itemtype=\"https:\/\/schema.org\/CreativeWork\" ><div class='avia_textblock av_inherit_color'  itemprop=\"text\" ><h1 style=\"text-align: center;\">NOS \u00c9V\u00c8NEMENTS 2020<\/h1>\n<\/div><\/section>\n\n<style type=\"text\/css\" data-created_by=\"avia_inline_auto\" id=\"style-css-av-2ohd2y-fcc66ae9cd0de3318adb2d7d5d67c4d1\">\n#top .hr.av-2ohd2y-fcc66ae9cd0de3318adb2d7d5d67c4d1{\nmargin-top:5px;\nmargin-bottom:30px;\n}\n.hr.av-2ohd2y-fcc66ae9cd0de3318adb2d7d5d67c4d1 .hr-inner{\nwidth:200px;\nborder-color:#cf1b15;\nmax-width:45%;\n}\n<\/style>\n<div  class='hr av-2ohd2y-fcc66ae9cd0de3318adb2d7d5d67c4d1 hr-custom  avia-builder-el-2  el_after_av_textblock  el_before_av_one_third  av-mini-hide hr-center hr-icon-yes'><span class='hr-inner inner-border-av-border-thin'><span class=\"hr-inner-style\"><\/span><\/span><span class='av-seperator-icon' aria-hidden='true' data-av_icon='\ue8b9' data-av_iconfont='entypo-fontello'><\/span><span class='hr-inner inner-border-av-border-thin'><span class=\"hr-inner-style\"><\/span><\/span><\/div>\n\n<style type=\"text\/css\" data-created_by=\"avia_inline_auto\" id=\"style-css-av-7x7zka-d458d0945b86e667b4e12d24ebc8a506\">\n.flex_column.av-7x7zka-d458d0945b86e667b4e12d24ebc8a506{\nborder-radius:0px 0px 0px 0px;\npadding:0px 0px 0px 0px;\n}\n<\/style>\n<div  class='flex_column av-7x7zka-d458d0945b86e667b4e12d24ebc8a506 av_one_third  avia-builder-el-3  el_after_av_hr  el_before_av_one_third  first flex_column_div av-zero-column-padding  '     ><p>\n<style type=\"text\/css\" data-created_by=\"avia_inline_auto\" id=\"style-css-av-juny2kb7-4e88cdf37a40d5fc18212d197e8e01eb\">\n.avia-image-container.av-juny2kb7-4e88cdf37a40d5fc18212d197e8e01eb img.avia_image{\nbox-shadow:none;\n}\n.avia-image-container.av-juny2kb7-4e88cdf37a40d5fc18212d197e8e01eb .av-image-caption-overlay-center{\ncolor:#ffffff;\n}\n<\/style>\n<div  class='avia-image-container av-juny2kb7-4e88cdf37a40d5fc18212d197e8e01eb av-styling- avia-align-center  avia-builder-el-4  el_before_av_textblock  avia-builder-el-first '   itemprop=\"image\" itemscope=\"itemscope\" itemtype=\"https:\/\/schema.org\/ImageObject\" ><div class=\"avia-image-container-inner\"><div class=\"avia-image-overlay-wrap\"><a href=\"https:\/\/tnsportif.com\/index.php\/masonry-portfolio\/nos-evenements-2020\/journee-porte-ouverte-institut-de-genech\/\" class='avia_image'  aria-label='genesh JPO_covid'><img class='wp-image-5980 avia-img-lazy-loading-not-5980 avia_image ' src='https:\/\/tnsportif.com\/wp-content\/uploads\/2020\/11\/genesh-JPO_covid-300x286.jpg' alt='' title='genesh JPO_covid'  height=\"286\" width=\"300\"  itemprop=\"thumbnailUrl\"  \/><\/a><\/div><\/div><\/div><br \/>\n<section  class='av_textblock_section av-junwv6tu-9e9f4399deca9a8ccd5ad6c7d3243278 '   itemscope=\"itemscope\" itemtype=\"https:\/\/schema.org\/CreativeWork\" ><div class='avia_textblock'  itemprop=\"text\" ><p><strong>SAMEDI 14 MARS 2020<\/strong><br \/>\n<b>D\u00c9MONSTRATION \u00c0 L&rsquo;OCCASION DE LA JOURN\u00c9E PORTE OUVERTE DE L&rsquo;INSTITUT GENECH (62)<\/b><\/p>\n<p>Pour la journ\u00e9e porte ouverte de l&rsquo;Institut Genech (62), le Terre-Neuve Sportif sera pressent. Nous pr\u00e9senterons cette magnifique race, en montrant leur capacit\u00e9 de travail aussi bien au sol qu\u2019\u00e0 l\u2019eau.<\/p>\n<p><a href=\"https:\/\/www.institutdegenech.fr\/fr\/\">https:\/\/www.institutdegenech.fr\/fr\/<\/a><\/p>\n<\/div><\/section><\/p><\/div>\n<style type=\"text\/css\" data-created_by=\"avia_inline_auto\" id=\"style-css-av-7x7zka-612589443973927f560f64976806334a\">\n.flex_column.av-7x7zka-612589443973927f560f64976806334a{\nborder-radius:0px 0px 0px 0px;\npadding:0px 0px 0px 0px;\n}\n<\/style>\n<div  class='flex_column av-7x7zka-612589443973927f560f64976806334a av_one_third  avia-builder-el-6  el_after_av_one_third  el_before_av_one_third  flex_column_div av-zero-column-padding  '     ><p>\n<style type=\"text\/css\" data-created_by=\"avia_inline_auto\" id=\"style-css-av-juny2kb7-5b53305988c0e4e3cd53fc150ee1347e\">\n.avia-image-container.av-juny2kb7-5b53305988c0e4e3cd53fc150ee1347e img.avia_image{\nbox-shadow:none;\n}\n.avia-image-container.av-juny2kb7-5b53305988c0e4e3cd53fc150ee1347e .av-image-caption-overlay-center{\ncolor:#ffffff;\n}\n<\/style>\n<div  class='avia-image-container av-juny2kb7-5b53305988c0e4e3cd53fc150ee1347e av-styling- avia-align-center  avia-builder-el-7  el_before_av_textblock  avia-builder-el-first '   itemprop=\"image\" itemscope=\"itemscope\" itemtype=\"https:\/\/schema.org\/ImageObject\" ><div class=\"avia-image-container-inner\"><div class=\"avia-image-overlay-wrap\"><a href=\"https:\/\/tnsportif.com\/\" class='avia_image'  aria-label='pise_covid'><img class='wp-image-5975 avia-img-lazy-loading-not-5975 avia_image ' src='https:\/\/tnsportif.com\/wp-content\/uploads\/2020\/11\/pise_covid-300x286.jpg' alt='' title='pise_covid'  height=\"286\" width=\"300\"  itemprop=\"thumbnailUrl\"  \/><\/a><\/div><\/div><\/div><br \/>\n<section  class='av_textblock_section av-junwv6tu-6210b398ba2c1a54d4290420ce03365e '   itemscope=\"itemscope\" itemtype=\"https:\/\/schema.org\/CreativeWork\" ><div class='avia_textblock'  itemprop=\"text\" ><p><strong>30, 31 MAI et 1er JUIN 2020<\/strong><br \/>\n<strong>38e RENCONTRE INTERNATIO<\/strong><strong>N<\/strong><strong>AL<\/strong><strong>E<\/strong><\/p>\n<p>Cette ann\u00e9e la Rencontre Internationale de Terre-Neuve est organis\u00e9e par le Club italien GLAP \u00e0 Pise les 30, 31 et 1er juin 2020.<\/p>\n<\/div><\/section><\/p><\/div>\n<style type=\"text\/css\" data-created_by=\"avia_inline_auto\" id=\"style-css-av-7x7zka-612589443973927f560f64976806334a\">\n.flex_column.av-7x7zka-612589443973927f560f64976806334a{\nborder-radius:0px 0px 0px 0px;\npadding:0px 0px 0px 0px;\n}\n<\/style>\n<div  class='flex_column av-7x7zka-612589443973927f560f64976806334a av_one_third  avia-builder-el-9  el_after_av_one_third  el_before_av_one_third  flex_column_div av-zero-column-padding  '     ><p>\n<style type=\"text\/css\" data-created_by=\"avia_inline_auto\" id=\"style-css-av-juny2kb7-508ca9ab0fe77badd52b10c18afdf743\">\n.avia-image-container.av-juny2kb7-508ca9ab0fe77badd52b10c18afdf743 img.avia_image{\nbox-shadow:none;\n}\n.avia-image-container.av-juny2kb7-508ca9ab0fe77badd52b10c18afdf743 .av-image-caption-overlay-center{\ncolor:#ffffff;\n}\n<\/style>\n<div  class='avia-image-container av-juny2kb7-508ca9ab0fe77badd52b10c18afdf743 av-styling- avia-align-center  avia-builder-el-10  el_before_av_textblock  avia-builder-el-first '   itemprop=\"image\" itemscope=\"itemscope\" itemtype=\"https:\/\/schema.org\/ImageObject\" ><div class=\"avia-image-container-inner\"><div class=\"avia-image-overlay-wrap\"><a href=\"https:\/\/tnsportif.com\/index.php\/masonry-portfolio\/nos-evenements-2020\/festival-de-leau-meaux\/\" class='avia_image'  aria-label='meaux_covid'><img class='wp-image-5984 avia-img-lazy-loading-not-5984 avia_image ' src='https:\/\/tnsportif.com\/wp-content\/uploads\/2020\/11\/meaux_covid-300x286.jpg' alt='' title='meaux_covid'  height=\"286\" width=\"300\"  itemprop=\"thumbnailUrl\"  \/><\/a><\/div><\/div><\/div><br \/>\n<section  class='av_textblock_section av-junwv6tu-9e9f4399deca9a8ccd5ad6c7d3243278 '   itemscope=\"itemscope\" itemtype=\"https:\/\/schema.org\/CreativeWork\" ><div class='avia_textblock'  itemprop=\"text\" ><p><strong>13 et 14 JUIN 2020<br \/>\nF\u00caTE DE L&rsquo;EAU \u00e0 MEAUX<\/strong><\/p>\n<p>Comme chaque ann\u00e9e depuis de nombreuses ann\u00e9es, le Terre-Neuve Sportif est ravi de participer \u00e0 la F\u00eate de l&rsquo;eau \u00e0 Meaux qui se d\u00e9roulera le 13 et 14 juin 2020 au bord du quai Sadi Carnot \u00e0 Meaux.<\/p>\n<\/div><\/section><\/p><\/div>\n<style type=\"text\/css\" data-created_by=\"avia_inline_auto\" id=\"style-css-av-7x7zka-d458d0945b86e667b4e12d24ebc8a506\">\n.flex_column.av-7x7zka-d458d0945b86e667b4e12d24ebc8a506{\nborder-radius:0px 0px 0px 0px;\npadding:0px 0px 0px 0px;\n}\n<\/style>\n<div  class='flex_column av-7x7zka-d458d0945b86e667b4e12d24ebc8a506 av_one_third  avia-builder-el-12  el_after_av_one_third  el_before_av_one_third  first flex_column_div av-zero-column-padding  column-top-margin'     ><p>\n<style type=\"text\/css\" data-created_by=\"avia_inline_auto\" id=\"style-css-av-juny2kb7-6b136e1e409981625da7948c5fc496fe\">\n.avia-image-container.av-juny2kb7-6b136e1e409981625da7948c5fc496fe img.avia_image{\nbox-shadow:none;\n}\n.avia-image-container.av-juny2kb7-6b136e1e409981625da7948c5fc496fe .av-image-caption-overlay-center{\ncolor:#ffffff;\n}\n<\/style>\n<div  class='avia-image-container av-juny2kb7-6b136e1e409981625da7948c5fc496fe av-styling- avia-align-center  avia-builder-el-13  el_before_av_textblock  avia-builder-el-first '   itemprop=\"image\" itemscope=\"itemscope\" itemtype=\"https:\/\/schema.org\/ImageObject\" ><div class=\"avia-image-container-inner\"><div class=\"avia-image-overlay-wrap\"><a href=\"https:\/\/tnsportif.com\/index.php\/masonry-portfolio\/nos-evenements-2020\/carrefour-des-associations-2020-chelles\/\" class='avia_image'  aria-label='carrefour-des-associations-2019_covid'><img class='wp-image-5982 avia-img-lazy-loading-not-5982 avia_image ' src='https:\/\/tnsportif.com\/wp-content\/uploads\/2020\/11\/carrefour-des-associations-2019_covid-300x286.jpg' alt='' title='carrefour-des-associations-2019_covid'  height=\"286\" width=\"300\"  itemprop=\"thumbnailUrl\"  \/><\/a><\/div><\/div><\/div><br \/>\n<section  class='av_textblock_section av-junwv6tu-6210b398ba2c1a54d4290420ce03365e '   itemscope=\"itemscope\" itemtype=\"https:\/\/schema.org\/CreativeWork\" ><div class='avia_textblock'  itemprop=\"text\" ><p><strong>SEPTEMBRE 2020<br \/>\nCARREFOUR DES ASSOCIATION de CHELLES<\/strong><\/p>\n<p>Comme chaque ann\u00e9e, nous serons pr\u00e9sents sur le Carrefour des Associations qui se d\u00e9roulera au Centre Culturel de Chelles.<\/p>\n<\/div><\/section><\/p><\/div>\n<style type=\"text\/css\" data-created_by=\"avia_inline_auto\" id=\"style-css-av-7x7zka-612589443973927f560f64976806334a\">\n.flex_column.av-7x7zka-612589443973927f560f64976806334a{\nborder-radius:0px 0px 0px 0px;\npadding:0px 0px 0px 0px;\n}\n<\/style>\n<div  class='flex_column av-7x7zka-612589443973927f560f64976806334a av_one_third  avia-builder-el-15  el_after_av_one_third  el_before_av_one_third  flex_column_div av-zero-column-padding  column-top-margin'     ><p>\n<style type=\"text\/css\" data-created_by=\"avia_inline_auto\" id=\"style-css-av-juny2kb7-ff1474e84c09d1651978b8c13e1565d0\">\n.avia-image-container.av-juny2kb7-ff1474e84c09d1651978b8c13e1565d0 img.avia_image{\nbox-shadow:none;\n}\n.avia-image-container.av-juny2kb7-ff1474e84c09d1651978b8c13e1565d0 .av-image-caption-overlay-center{\ncolor:#ffffff;\n}\n<\/style>\n<div  class='avia-image-container av-juny2kb7-ff1474e84c09d1651978b8c13e1565d0 av-styling- avia-align-center  avia-builder-el-16  el_before_av_textblock  avia-builder-el-first '   itemprop=\"image\" itemscope=\"itemscope\" itemtype=\"https:\/\/schema.org\/ImageObject\" ><div class=\"avia-image-container-inner\"><div class=\"avia-image-overlay-wrap\"><a href=\"https:\/\/tnsportif.com\/index.php\/masonry-portfolio\/nos-evenements-2020\/st-fiacre-2020-coulommiers-77\/\" class='avia_image'  aria-label='Coulommiers saint fiacre 2020'><img class='wp-image-5973 avia-img-lazy-loading-not-5973 avia_image ' src='https:\/\/tnsportif.com\/wp-content\/uploads\/2020\/11\/Coulommiers-saint-fiacre-2020-300x286.jpg' alt='' title='Coulommiers saint fiacre 2020'  height=\"286\" width=\"300\"  itemprop=\"thumbnailUrl\"  \/><\/a><\/div><\/div><\/div><br \/>\n<section  class='av_textblock_section av-junwv6tu-9e9f4399deca9a8ccd5ad6c7d3243278 '   itemscope=\"itemscope\" itemtype=\"https:\/\/schema.org\/CreativeWork\" ><div class='avia_textblock'  itemprop=\"text\" ><p><strong>6 SEPTEMBRE 2020<br \/>\nF\u00eate de la ST FIACRE \u00e0 COULOMMIERS<\/strong><\/p>\n<p>Comme depuis de nombreuses ann\u00e9es, nous serons pr\u00e9sents \u00e0 la St Fiacre de Coulommiers qui se d\u00e9roulera au parc des Capucins de Coulommiers.<\/p>\n<\/div><\/section><\/p><\/div>\n<style type=\"text\/css\" data-created_by=\"avia_inline_auto\" id=\"style-css-av-7x7zka-612589443973927f560f64976806334a\">\n.flex_column.av-7x7zka-612589443973927f560f64976806334a{\nborder-radius:0px 0px 0px 0px;\npadding:0px 0px 0px 0px;\n}\n<\/style>\n<div  class='flex_column av-7x7zka-612589443973927f560f64976806334a av_one_third  avia-builder-el-18  el_after_av_one_third  avia-builder-el-last  flex_column_div av-zero-column-padding  column-top-margin'     ><p>\n<style type=\"text\/css\" data-created_by=\"avia_inline_auto\" id=\"style-css-av-juny2kb7-e6c7f62ac33c2170c2a41daf6e990adc\">\n.avia-image-container.av-juny2kb7-e6c7f62ac33c2170c2a41daf6e990adc img.avia_image{\nbox-shadow:none;\n}\n.avia-image-container.av-juny2kb7-e6c7f62ac33c2170c2a41daf6e990adc .av-image-caption-overlay-center{\ncolor:#ffffff;\n}\n<\/style>\n<div  class='avia-image-container av-juny2kb7-e6c7f62ac33c2170c2a41daf6e990adc av-styling- avia-align-center  avia-builder-el-19  el_before_av_textblock  avia-builder-el-first '   itemprop=\"image\" itemscope=\"itemscope\" itemtype=\"https:\/\/schema.org\/ImageObject\" ><div class=\"avia-image-container-inner\"><div class=\"avia-image-overlay-wrap\"><a href=\"https:\/\/tnsportif.com\/index.php\/masonry-portfolio\/nos-evenements-2020\/fort-mahon-2020\/\" class='avia_image'  aria-label='TNS Fort-Mahon_site'><img class='wp-image-3323 avia-img-lazy-loading-not-3323 avia_image ' src='https:\/\/tnsportif.com\/wp-content\/uploads\/2019\/04\/Fort-Mahon_site-300x286.jpg' alt='' title='TNS Fort-Mahon_site'  height=\"286\" width=\"300\"  itemprop=\"thumbnailUrl\"  \/><\/a><\/div><\/div><\/div><br \/>\n<section  class='av_textblock_section av-junwv6tu-6210b398ba2c1a54d4290420ce03365e '   itemscope=\"itemscope\" itemtype=\"https:\/\/schema.org\/CreativeWork\" ><div class='avia_textblock'  itemprop=\"text\" ><p><strong>2e QUINZAINE DE SEPTEMBRE 2020<\/strong><br \/>\n<strong>ENTRA\u00ceNEMENT EN MER \u00e0 FORT-MAHON<\/strong><\/p>\n<p>Comme chaque ann\u00e9e, cet avec plaisir que nous passerons le weekend \u00e0 Fort-Mahon-Plage.<br \/>\nCette entra\u00eenement en mer nous permet de partager avec le public notre passion pour le Terre-Neuve et nous permets de faire de nouvelles rencontres !<\/p>\n<\/div><\/section><\/p><\/div><\/div><\/div><\/main><!-- close content main element --><\/div><\/div><div id='av_section_2'  class='avia-section av-999gd6-940535a39c90c9f49883fdc3ff6d7427 main_color avia-section-default avia-no-border-styling  avia-builder-el-21  el_after_av_section  avia-builder-el-last  avia-bg-style-scroll container_wrap sidebar_left'  ><div class='container av-section-cont-open' ><div class='template-page content  av-content-small units'><div class='post-entry post-entry-type-page post-entry-5026'><div class='entry-content-wrapper clearfix'><\/div><\/div><\/div><!-- close content main div --><\/div><\/div><div id='after_section_2'  class='main_color av_default_container_wrap container_wrap sidebar_left'  ><div class='container av-section-cont-open' ><div class='template-page content  av-content-small units'><div class='post-entry post-entry-type-page post-entry-5026'><div class='entry-content-wrapper clearfix'><\/p>\n","protected":false},"excerpt":{"rendered":"","protected":false},"author":1,"featured_media":0,"parent":2632,"menu_order":3,"comment_status":"closed","ping_status":"closed","template":"","meta":{"footnotes":""},"class_list":["post-5026","page","type-page","status-publish","hentry"],"_links":{"self":[{"href":"https:\/\/tnsportif.com\/index.php\/wp-json\/wp\/v2\/pages\/5026","targetHints":{"allow":["GET"]}}],"collection":[{"href":"https:\/\/tnsportif.com\/index.php\/wp-json\/wp\/v2\/pages"}],"about":[{"href":"https:\/\/tnsportif.com\/index.php\/wp-json\/wp\/v2\/types\/page"}],"author":[{"embeddable":true,"href":"https:\/\/tnsportif.com\/index.php\/wp-json\/wp\/v2\/users\/1"}],"replies":[{"embeddable":true,"href":"https:\/\/tnsportif.com\/index.php\/wp-json\/wp\/v2\/comments?post=5026"}],"version-history":[{"count":25,"href":"https:\/\/tnsportif.com\/index.php\/wp-json\/wp\/v2\/pages\/5026\/revisions"}],"predecessor-version":[{"id":6313,"href":"https:\/\/tnsportif.com\/index.php\/wp-json\/wp\/v2\/pages\/5026\/revisions\/6313"}],"up":[{"embeddable":true,"href":"https:\/\/tnsportif.com\/index.php\/wp-json\/wp\/v2\/pages\/2632"}],"wp:attachment":[{"href":"https:\/\/tnsportif.com\/index.php\/wp-json\/wp\/v2\/media?parent=5026"}],"curies":[{"name":"wp","href":"https:\/\/api.w.org\/{rel}","templated":true}]}}