{"id":5492,"date":"2020-02-20T19:06:30","date_gmt":"2020-02-20T18:06:30","guid":{"rendered":"https:\/\/tnsportif.com\/?page_id=5492"},"modified":"2020-02-20T19:06:30","modified_gmt":"2020-02-20T18:06:30","slug":"presentation-du-terre-neuve-2","status":"publish","type":"page","link":"https:\/\/tnsportif.com\/index.php\/le-terre-neuve\/presentation-du-terre-neuve-2\/","title":{"rendered":"Pr\u00e9sentation du Terre-Neuve"},"content":{"rendered":"\n<style type=\"text\/css\" data-created_by=\"avia_inline_auto\" id=\"style-css-av-1umwll-7f8d9c529154669327eb79c32de5755d\">\n.flex_column.av-1umwll-7f8d9c529154669327eb79c32de5755d{\nborder-radius:0px 0px 0px 0px;\npadding:0px 0px 0px 0px;\n}\n<\/style>\n<div  class='flex_column av-1umwll-7f8d9c529154669327eb79c32de5755d av_one_full  avia-builder-el-0  el_before_av_one_half  avia-builder-el-first  first flex_column_div av-zero-column-padding  '     ><style type=\"text\/css\" data-created_by=\"avia_inline_auto\" id=\"style-css-av-juo0hyz5-a5f01f8b8be4b93dfc8da8b48b4c9573\">\n#top .av_textblock_section.av-juo0hyz5-a5f01f8b8be4b93dfc8da8b48b4c9573 .avia_textblock{\ncolor:#cf1b15;\n}\n<\/style>\n<section  class='av_textblock_section av-juo0hyz5-a5f01f8b8be4b93dfc8da8b48b4c9573 '   itemscope=\"itemscope\" itemtype=\"https:\/\/schema.org\/CreativeWork\" ><div class='avia_textblock av_inherit_color'  itemprop=\"text\" ><h2 style=\"text-align: center;\">PR\u00c9SENTATION DU TERRE-NEUVE<\/h2>\n<\/div><\/section><br \/>\n\n<style type=\"text\/css\" data-created_by=\"avia_inline_auto\" id=\"style-css-av-2ohd2y-fc5d914b3042be994db108a19f99f020\">\n#top .hr.av-2ohd2y-fc5d914b3042be994db108a19f99f020{\nmargin-top:5px;\nmargin-bottom:30px;\n}\n.hr.av-2ohd2y-fc5d914b3042be994db108a19f99f020 .hr-inner{\nwidth:200px;\nborder-color:#cf1b15;\nmax-width:45%;\n}\n<\/style>\n<div  class='hr av-2ohd2y-fc5d914b3042be994db108a19f99f020 hr-custom  avia-builder-el-2  el_after_av_textblock  el_before_av_textblock  av-mini-hide hr-center hr-icon-yes'><span class='hr-inner inner-border-av-border-thin'><span class=\"hr-inner-style\"><\/span><\/span><span class='av-seperator-icon' aria-hidden='true' data-av_icon='\ue8b9' data-av_iconfont='entypo-fontello'><\/span><span class='hr-inner inner-border-av-border-thin'><span class=\"hr-inner-style\"><\/span><\/span><\/div><br \/>\n\n<style type=\"text\/css\" data-created_by=\"avia_inline_auto\" id=\"style-css-av-juuc61v5-77dff6daa6e832f9b62942a77a9833f2\">\n#top .av_textblock_section.av-juuc61v5-77dff6daa6e832f9b62942a77a9833f2 .avia_textblock{\ncolor:#cf1b15;\n}\n<\/style>\n<section  class='av_textblock_section av-juuc61v5-77dff6daa6e832f9b62942a77a9833f2 '   itemscope=\"itemscope\" itemtype=\"https:\/\/schema.org\/CreativeWork\" ><div class='avia_textblock av_inherit_color'  itemprop=\"text\" ><h3>Historique<\/h3>\n<\/div><\/section><br \/>\n<section  class='av_textblock_section av-2thu72-a0e941c8cfffcfcf1fb11adeb4f7c23b '   itemscope=\"itemscope\" itemtype=\"https:\/\/schema.org\/CreativeWork\" ><div class='avia_textblock'  itemprop=\"text\" ><p>Ses origines sont assez controvers\u00e9es, mais il est maintenant quasiment certain qu&rsquo;il n&rsquo;est pas originaire de l&rsquo;\u00eele du Canada dont il porte le nom.<\/p>\n<\/div><\/section><\/p><\/div>\n\n<style type=\"text\/css\" data-created_by=\"avia_inline_auto\" id=\"style-css-av-26xida-f378157d911b8070eb3b835108eeee4e\">\n.flex_column.av-26xida-f378157d911b8070eb3b835108eeee4e{\nborder-radius:0px 0px 0px 0px;\npadding:0px 0px 0px 0px;\n}\n<\/style>\n<div  class='flex_column av-26xida-f378157d911b8070eb3b835108eeee4e av_one_half  avia-builder-el-5  el_after_av_one_full  el_before_av_one_half  first flex_column_div av-zero-column-padding  column-top-margin'     ><style type=\"text\/css\" data-created_by=\"avia_inline_auto\" id=\"style-css-av-juuc61v5-77dff6daa6e832f9b62942a77a9833f2\">\n#top .av_textblock_section.av-juuc61v5-77dff6daa6e832f9b62942a77a9833f2 .avia_textblock{\ncolor:#cf1b15;\n}\n<\/style>\n<section  class='av_textblock_section av-juuc61v5-77dff6daa6e832f9b62942a77a9833f2 '   itemscope=\"itemscope\" itemtype=\"https:\/\/schema.org\/CreativeWork\" ><div class='avia_textblock av_inherit_color'  itemprop=\"text\" ><h3>Newfoundland<\/h3>\n<\/div><\/section><br \/>\n<section  class='av_textblock_section av-juucaqc2-9908caa3fe6b9a19db325bb6531e6a56 '   itemscope=\"itemscope\" itemtype=\"https:\/\/schema.org\/CreativeWork\" ><div class='avia_textblock'  itemprop=\"text\" ><p style=\"text-align: left;\">L\u2019\u00eele de Terre-Neuve est situ\u00e9e \u00e0 l&#8217;embouchure du St Laurent \u00e0 proximit\u00e9 de la c\u00f4te atlantique du Canada. Elle est s\u00e9par\u00e9e du continent par le d\u00e9troit de Belle-Isle.<\/p>\n<p style=\"text-align: left;\">Entre la c\u00f4te de l&rsquo;Acadie (au sud) et celle du Labrador (au nord) elle appara\u00eet comme une vaste plate-forme de 110.667 km2 flottant \u00e0 l&rsquo;entr\u00e9e de l&rsquo;estuaire du Saint-Laurent. Elle est \u00e9rod\u00e9e par les glaces et parsem\u00e9e de lacs, son climat est humide et froid. Sa seule richesse restera la p\u00eache et entra\u00eenera sa colonisation.<\/p>\n<p>Au IXe si\u00e8cle, les vikings \u00e9tablis en Islande conduisirent une exp\u00e9dition men\u00e9e par Erik Le rouge vers les c\u00f4tes du Labrador et celles de Terre-Neuve.<\/p>\n<p style=\"text-align: left;\">\n<\/div><\/section><\/p><\/div>\n\n<style type=\"text\/css\" data-created_by=\"avia_inline_auto\" id=\"style-css-av-26xida-d3bdf71feabc62485a7b2e76070314ef\">\n.flex_column.av-26xida-d3bdf71feabc62485a7b2e76070314ef{\nborder-radius:0px 0px 0px 0px;\npadding:0px 0px 0px 0px;\n}\n<\/style>\n<div  class='flex_column av-26xida-d3bdf71feabc62485a7b2e76070314ef av_one_half  avia-builder-el-8  el_after_av_one_half  el_before_av_image  flex_column_div av-zero-column-padding  column-top-margin'     ><section  class='av_textblock_section av-juuccdxs-c93b0dc8b15613dc510b6b5384bc4a9b '   itemscope=\"itemscope\" itemtype=\"https:\/\/schema.org\/CreativeWork\" ><div class='avia_textblock'  itemprop=\"text\" ><p style=\"text-align: left;\">En 1497, l&rsquo;\u00eele red\u00e9couverte par le V\u00e9nitien S\u00e9bastien Carot f\u00fbt nomm\u00e9e \u00ab\u00a0Terre des morues\u00a0\u00bb. Il signala qu&rsquo;il n&rsquo;existait \u00e0 cette \u00e9poque aucun chien domestique sur ces terres inhabit\u00e9es.<\/p>\n<p style=\"text-align: left;\">Ce lieu embl\u00e9matique de la grande p\u00eache oc\u00e9ane devient aussi un lieu strat\u00e9gique, enjeu de la rivalit\u00e9 Franco-Anglaise au XVIIIe si\u00e8cle. La France renon\u00e7a \u00e0 ses derniers privil\u00e8ges sur cette \u00eele en 1904.<\/p>\n<p style=\"text-align: left;\">Elle devint une province du Canada en 1948 et le chien Terre-Neuve deviendra officiellement un chien Canadien en 1996.<\/p>\n<\/div><\/section><\/div>\n\n<style type=\"text\/css\" data-created_by=\"avia_inline_auto\" id=\"style-css-av-juucg8wx-6e7bfa554f5b7784c2909ff089a65585\">\n.avia-image-container.av-juucg8wx-6e7bfa554f5b7784c2909ff089a65585 img.avia_image{\nbox-shadow:none;\n}\n.avia-image-container.av-juucg8wx-6e7bfa554f5b7784c2909ff089a65585 .av-image-caption-overlay-center{\ncolor:#ffffff;\n}\n<\/style>\n<div  class='avia-image-container av-juucg8wx-6e7bfa554f5b7784c2909ff089a65585 av-styling- av-hover-grow av-hide-overflow avia_animated_image av-animated-when-visible-95 pop-up avia-align-center  avia-builder-el-10  el_after_av_one_half  el_before_av_two_fifth '   itemprop=\"image\" itemscope=\"itemscope\" itemtype=\"https:\/\/schema.org\/ImageObject\" ><div class=\"avia-image-container-inner\"><div class=\"avia-image-overlay-wrap\"><img class='wp-image-3512 avia-img-lazy-loading-not-3512 avia_image ' src='https:\/\/tnsportif.com\/wp-content\/uploads\/2019\/04\/Carte_r\u00e9duite_des_bancs_et_..._btv1b59703864-845x321.jpeg' alt='' title='Carte_r\u00e9duite_des_bancs_et_[...]_btv1b59703864'  height=\"321\" width=\"845\"  itemprop=\"thumbnailUrl\"  \/><\/div><\/div><\/div>\n\n<style type=\"text\/css\" data-created_by=\"avia_inline_auto\" id=\"style-css-av-2q4b72-97bf9f3ed2236ad8e56beb4e31ed9cc1\">\n.flex_column.av-2q4b72-97bf9f3ed2236ad8e56beb4e31ed9cc1{\nborder-radius:0px 0px 0px 0px;\npadding:0px 0px 0px 0px;\n}\n<\/style>\n<div  class='flex_column av-2q4b72-97bf9f3ed2236ad8e56beb4e31ed9cc1 av_two_fifth  avia-builder-el-11  el_after_av_image  el_before_av_three_fifth  first flex_column_div av-zero-column-padding  '     ><p>\n<style type=\"text\/css\" data-created_by=\"avia_inline_auto\" id=\"style-css-av-jwwjm0sv-75fea319baf5cb032ecdb853aecc266f\">\n#top .hr.hr-invisible.av-jwwjm0sv-75fea319baf5cb032ecdb853aecc266f{\nheight:45px;\n}\n<\/style>\n<div  class='hr av-jwwjm0sv-75fea319baf5cb032ecdb853aecc266f hr-invisible  avia-builder-el-12  el_before_av_image  avia-builder-el-first '><span class='hr-inner '><span class=\"hr-inner-style\"><\/span><\/span><\/div><br \/>\n\n<style type=\"text\/css\" data-created_by=\"avia_inline_auto\" id=\"style-css-av-juucg8wx-fd7655f0932fb73f53c2a8eb29a1b1a2\">\n.avia-image-container.av-juucg8wx-fd7655f0932fb73f53c2a8eb29a1b1a2 img.avia_image{\nbox-shadow:none;\n}\n.avia-image-container.av-juucg8wx-fd7655f0932fb73f53c2a8eb29a1b1a2 .av-image-caption-overlay-center{\ncolor:#ffffff;\n}\n<\/style>\n<div  class='avia-image-container av-juucg8wx-fd7655f0932fb73f53c2a8eb29a1b1a2 av-styling-no-styling av-hover-grow avia_animated_image av-animated-when-visible-95 pop-up avia-align-  avia-builder-el-13  el_after_av_hr  avia-builder-el-last '   itemprop=\"image\" itemscope=\"itemscope\" itemtype=\"https:\/\/schema.org\/ImageObject\" ><div class=\"avia-image-container-inner\"><div class=\"avia-image-overlay-wrap\"><img class='wp-image-3933 avia-img-lazy-loading-not-3933 avia_image ' src='https:\/\/tnsportif.com\/wp-content\/uploads\/2019\/06\/DSC_1151_a-300x287.jpg' alt='' title='DSC_1151_a'  height=\"287\" width=\"300\"  itemprop=\"thumbnailUrl\"  \/><\/div><\/div><\/div><\/p><\/div>\n\n<style type=\"text\/css\" data-created_by=\"avia_inline_auto\" id=\"style-css-av-2q4b72-ee18952adbe9321b0641bd5356943607\">\n.flex_column.av-2q4b72-ee18952adbe9321b0641bd5356943607{\nborder-radius:0px 0px 0px 0px;\npadding:0px 0px 0px 0px;\n}\n<\/style>\n<div  class='flex_column av-2q4b72-ee18952adbe9321b0641bd5356943607 av_three_fifth  avia-builder-el-14  el_after_av_two_fifth  el_before_av_hr  flex_column_div av-zero-column-padding  '     ><section  class='av_textblock_section av-juuccdxs-f028cfb1153404f0e87365436272b449 '   itemscope=\"itemscope\" itemtype=\"https:\/\/schema.org\/CreativeWork\" ><div class='avia_textblock'  itemprop=\"text\" ><p>Il est g\u00e9n\u00e9ralement admis que ce serait un descendant du dogue du Tibet et de molosses Assyriens. Il f\u00fbt introduit dans l&rsquo;\u00eele de Terre Neuve par les Vikings. Les indiens de la tribu des \u00ab\u00a0Beothuk\u00a0\u00bb connaissaient bien cette race, bien que l\u00e9g\u00e8rement diff\u00e9rente du standard actuel, et l&rsquo;utilisait principalement comme animal de trait.<\/p>\n<p>C&rsquo;est le croisement de ces chiens indiens et de diff\u00e9rentes races europ\u00e9ennes entre le 15e et le 18e si\u00e8cle qui lui ont apport\u00e9 sa stature et sa forme actuelle.<\/p>\n<p>Les p\u00eacheurs anglais l&rsquo;ont introduit en Europe, apr\u00e8s avoir constat\u00e9 ses aptitudes naturelles au sauvetage \u00e0 l&rsquo;eau. Au 19e si\u00e8cle, des morutiers Fran\u00e7ais, s\u00e9duits par ce noble animal, l&rsquo;introduisirent en France.<\/p>\n<p>Savez-vous que Napol\u00e9on aurait \u00e9t\u00e9 sauv\u00e9 de la noyade par un chien Terre-Neuve lors de son d\u00e9part sur l&rsquo;\u00eele d&rsquo;Elbe?<\/p>\n<\/div><\/section><\/div>\n\n<style type=\"text\/css\" data-created_by=\"avia_inline_auto\" id=\"style-css-av-2ohd2y-4f2e01c402da7558048c65dc00a54f14\">\n#top .hr.hr-invisible.av-2ohd2y-4f2e01c402da7558048c65dc00a54f14{\nheight:50px;\n}\n<\/style>\n<div  class='hr av-2ohd2y-4f2e01c402da7558048c65dc00a54f14 hr-invisible  avia-builder-el-16  el_after_av_three_fifth  el_before_av_one_full  av-mini-hide'><span class='hr-inner '><span class=\"hr-inner-style\"><\/span><\/span><\/div>\n\n<style type=\"text\/css\" data-created_by=\"avia_inline_auto\" id=\"style-css-av-26xida-f378157d911b8070eb3b835108eeee4e\">\n.flex_column.av-26xida-f378157d911b8070eb3b835108eeee4e{\nborder-radius:0px 0px 0px 0px;\npadding:0px 0px 0px 0px;\n}\n<\/style>\n<div  class='flex_column av-26xida-f378157d911b8070eb3b835108eeee4e av_one_full  avia-builder-el-17  el_after_av_hr  el_before_av_hr  first flex_column_div av-zero-column-padding  '     ><style type=\"text\/css\" data-created_by=\"avia_inline_auto\" id=\"style-css-av-juuc61v5-030f3378ece938ed2956c9f9caa562f5\">\n#top .av_textblock_section.av-juuc61v5-030f3378ece938ed2956c9f9caa562f5 .avia_textblock{\ncolor:#cf1b15;\n}\n<\/style>\n<section  class='av_textblock_section av-juuc61v5-030f3378ece938ed2956c9f9caa562f5 '   itemscope=\"itemscope\" itemtype=\"https:\/\/schema.org\/CreativeWork\" ><div class='avia_textblock av_inherit_color'  itemprop=\"text\" ><h3>Caract\u00e9ristiques<\/h3>\n<\/div><\/section><br \/>\n<section  class='av_textblock_section av-juucaqc2-9908caa3fe6b9a19db325bb6531e6a56 '   itemscope=\"itemscope\" itemtype=\"https:\/\/schema.org\/CreativeWork\" ><div class='avia_textblock'  itemprop=\"text\" ><p>De la famille des molosso\u00efdes, le Terre-Neuve p\u00e8se entre 50 et 75 kg, et mesure de 60 \u00e0 80 cm au garrot. Son ossature et sa t\u00eate sont massives, son museau est court et ses yeux petits et bruns. Il poss\u00e8de une membrane interdigitale aux quatre pattes, ce qui fait souvent dire qu&rsquo;il a les pattes palm\u00e9es.<\/p>\n<p>Sa robe dense et lustr\u00e9e, imperm\u00e9able \u00e0 l&rsquo;eau, peut \u00eatre de couleur noire, marron ou enfin blanc et noir. Une fourrure \u00e9paisse et huileuse ainsi qu&rsquo;un sous-poil dense lui permettent de r\u00e9sister au froid et lui assurent une bonne flottaison. Grand nageur, il est capable de v\u00e9ritables exploits \u00e0 l&rsquo;eau comme apporter une bou\u00e9e \u00e0 une personne en difficult\u00e9, aller chercher une embarcation \u00e0 la d\u00e9rive, aller porter secours \u00e0 un naufrag\u00e9&#8230; Cela en fait le chien de sauvetage aquatique id\u00e9al.<\/p>\n<p style=\"text-align: left;\">Il a toutes les qualit\u00e9s de c\u0153ur et la bravoure en plus. Il poss\u00e8de une force impressionnante qui ajout\u00e9e \u00e0 sa vitalit\u00e9 lui donne des dispositions naturelles pour le sauvetage. Mais ce ne sont pas l\u00e0 ses seules possibilit\u00e9s. Ce chien s&rsquo;illustre \u00e9galement dans bien d&rsquo;autres activit\u00e9s comme chien d&rsquo;utilit\u00e9.<\/p>\n<p style=\"text-align: left;\">\n<\/div><\/section><\/p><\/div>\n\n<style type=\"text\/css\" data-created_by=\"avia_inline_auto\" id=\"style-css-av-2ohd2y-4f2e01c402da7558048c65dc00a54f14\">\n#top .hr.hr-invisible.av-2ohd2y-4f2e01c402da7558048c65dc00a54f14{\nheight:50px;\n}\n<\/style>\n<div  class='hr av-2ohd2y-4f2e01c402da7558048c65dc00a54f14 hr-invisible  avia-builder-el-20  el_after_av_one_full  el_before_av_image  av-mini-hide'><span class='hr-inner '><span class=\"hr-inner-style\"><\/span><\/span><\/div>\n\n<style type=\"text\/css\" data-created_by=\"avia_inline_auto\" id=\"style-css-av-juucg8wx-d4607b5e5947bb7cc5b2e5375fd89fb0\">\n.avia-image-container.av-juucg8wx-d4607b5e5947bb7cc5b2e5375fd89fb0 img.avia_image{\nbox-shadow:none;\n}\n.avia-image-container.av-juucg8wx-d4607b5e5947bb7cc5b2e5375fd89fb0 .av-image-caption-overlay-center{\ncolor:#ffffff;\n}\n<\/style>\n<div  class='avia-image-container av-juucg8wx-d4607b5e5947bb7cc5b2e5375fd89fb0 av-styling- av-hover-grow av-hide-overflow avia_animated_image av-animated-when-visible-95 pop-up avia-align-  avia-builder-el-21  el_after_av_hr  el_before_av_hr '   itemprop=\"image\" itemscope=\"itemscope\" itemtype=\"https:\/\/schema.org\/ImageObject\" ><div class=\"avia-image-container-inner\"><div class=\"avia-image-overlay-wrap\"><img class='wp-image-3943 avia-img-lazy-loading-not-3943 avia_image ' src='https:\/\/tnsportif.com\/wp-content\/uploads\/2019\/06\/DSC_9676-1500x430.jpg' alt='' title='DSC_9676'  height=\"430\" width=\"1500\"  itemprop=\"thumbnailUrl\"  \/><\/div><\/div><\/div>\n\n<style type=\"text\/css\" data-created_by=\"avia_inline_auto\" id=\"style-css-av-2ohd2y-4f2e01c402da7558048c65dc00a54f14\">\n#top .hr.hr-invisible.av-2ohd2y-4f2e01c402da7558048c65dc00a54f14{\nheight:50px;\n}\n<\/style>\n<div  class='hr av-2ohd2y-4f2e01c402da7558048c65dc00a54f14 hr-invisible  avia-builder-el-22  el_after_av_image  el_before_av_one_half  av-mini-hide'><span class='hr-inner '><span class=\"hr-inner-style\"><\/span><\/span><\/div>\n\n<style type=\"text\/css\" data-created_by=\"avia_inline_auto\" id=\"style-css-av-26xida-f378157d911b8070eb3b835108eeee4e\">\n.flex_column.av-26xida-f378157d911b8070eb3b835108eeee4e{\nborder-radius:0px 0px 0px 0px;\npadding:0px 0px 0px 0px;\n}\n<\/style>\n<div  class='flex_column av-26xida-f378157d911b8070eb3b835108eeee4e av_one_half  avia-builder-el-23  el_after_av_hr  el_before_av_one_half  first flex_column_div av-zero-column-padding  '     ><style type=\"text\/css\" data-created_by=\"avia_inline_auto\" id=\"style-css-av-juuc61v5-030f3378ece938ed2956c9f9caa562f5\">\n#top .av_textblock_section.av-juuc61v5-030f3378ece938ed2956c9f9caa562f5 .avia_textblock{\ncolor:#cf1b15;\n}\n<\/style>\n<section  class='av_textblock_section av-juuc61v5-030f3378ece938ed2956c9f9caa562f5 '   itemscope=\"itemscope\" itemtype=\"https:\/\/schema.org\/CreativeWork\" ><div class='avia_textblock av_inherit_color'  itemprop=\"text\" ><h3>\u00c0 la maison<\/h3>\n<\/div><\/section><br \/>\n<section  class='av_textblock_section av-juucaqc2-9908caa3fe6b9a19db325bb6531e6a56 '   itemscope=\"itemscope\" itemtype=\"https:\/\/schema.org\/CreativeWork\" ><div class='avia_textblock'  itemprop=\"text\" ><p>C&rsquo;est un chien d&rsquo;une tr\u00e8s grande fid\u00e9lit\u00e9 et d&rsquo;un caract\u00e8re exceptionnel. Doux, g\u00e9n\u00e9reux, intelligent, patient, c&rsquo;est le compagnon id\u00e9al des enfants qu&rsquo;il prot\u00e8ge naturellement.<\/p>\n<p>Un peu ind\u00e9pendant et t\u00eatu, ce qui n&rsquo;est pas contradictoire avec sa fid\u00e9lit\u00e9, il est docile et accepte les r\u00e9primandes. Le secret pour bien \u00e9duquer ce colosse est de toujours avoir une bonne fermet\u00e9 et surtout une forte complicit\u00e9.<\/p>\n<p>Le Terre-Neuve est un chien de garde, dissuasif par sa masse (entre 50 et 75 Kg pour le m\u00e2le), tr\u00e8s sur parce qu&rsquo;il ne mord pas. Il poss\u00e8de une certaine vigilance mais il aboie peu.<\/p>\n<p>Surtout il remplit \u00e0 merveille le r\u00f4le de \u00ab\u00a0nurse\u00a0\u00bb aupr\u00e8s des enfants en leur montrant une bienveillance et une patience sans bornes.<\/p>\n<p>Son \u00e9ducation ne pose pas de probl\u00e8me particulier et les remontrances portent particuli\u00e8rement bien sur ce chien, par ailleurs tr\u00e8s attach\u00e9 \u00e0 sa famille. Son intelligence le pr\u00e9dispose \u00e0 comprendre les attentes de son ma\u00eetre. Comme pour tous les gros chiens, cette \u00e9ducation doit \u00eatre \u00e0 la fois tr\u00e8s pr\u00e9coce et tr\u00e8s progressive. Il est bon de favoriser la sociabilit\u00e9 du chiot et lui proposer des exercices courts faisant appel \u00e0 son go\u00fbt du jeu.<\/p>\n<p>Il faut surtout \u00e9viter, pendant au moins les six premiers mois, tout exercice un tant soit peu violent ou prolong\u00e9.<\/p>\n<p style=\"text-align: left;\">\n<p style=\"text-align: left;\">\n<\/div><\/section><\/p><\/div>\n\n<style type=\"text\/css\" data-created_by=\"avia_inline_auto\" id=\"style-css-av-26xida-d3bdf71feabc62485a7b2e76070314ef\">\n.flex_column.av-26xida-d3bdf71feabc62485a7b2e76070314ef{\nborder-radius:0px 0px 0px 0px;\npadding:0px 0px 0px 0px;\n}\n<\/style>\n<div  class='flex_column av-26xida-d3bdf71feabc62485a7b2e76070314ef av_one_half  avia-builder-el-26  el_after_av_one_half  el_before_av_one_full  flex_column_div av-zero-column-padding  '     ><section  class='av_textblock_section av-juuccdxs-f028cfb1153404f0e87365436272b449 '   itemscope=\"itemscope\" itemtype=\"https:\/\/schema.org\/CreativeWork\" ><div class='avia_textblock'  itemprop=\"text\" ><p>Respecter sa p\u00e9riode de croissance est primordial. Le rapport est de 100 entre son poids de naissance et son poids \u00e0 l&rsquo;\u00e2ge de 1 an. (450 grammes \u00e0 environ 45 Kg). La nourriture privil\u00e9giera la qualit\u00e9 sur la quantit\u00e9. Quelques vitamines (Calcium, Vitamine D&#8230;) sont indispensables pendant cette p\u00e9riode.<\/p>\n<p>Compte tenu de sa taille, le Terre-Neuve est sujet aux torsions d&rsquo;estomac. Une sage pr\u00e9caution sera donc de fractionner sa nourriture au moins en deux repas.<\/p>\n<p>Il n&rsquo;aime pas la solitude et demande \u00e0 \u00eatre sorti journellement.<\/p>\n<p>C&rsquo;est un chien naturellement \u00e9quilibr\u00e9 qui supporte assez mal le changement de ma\u00eetre.<\/p>\n<p>Terminons ce portrait en \u00e9voquant rapidement certaines particularit\u00e9s physiques. D\u00e8s 1779, Bewick mentionnait le pied palm\u00e9 du Terre-Neuve. Soyons clair, tous les chiens poss\u00e8dent une membrane interdigitale, le Terre-Neuve fait partie des chiens o\u00f9 elle est particuli\u00e8rement d\u00e9velopp\u00e9e.<\/p>\n<p>Le Terre-Neuve nage-t-il d&rsquo;une fa\u00e7on sp\u00e9ciale ? Un film r\u00e9alis\u00e9 pour \u00ab\u00a030 Millions d\u00a0\u00bbAmis\u00a0\u00bb a montr\u00e9 (cam\u00e9ras sous l&rsquo;eau) qu&rsquo;il nageait comme tous les autres chiens.<\/p>\n<p>De nombreuses personnalit\u00e9s ont \u00e9t\u00e9 ou sont encore les ma\u00eetres de ce chien merveilleusement doux et fid\u00e8le.<\/p>\n<\/div><\/section><\/div>\n\n<style type=\"text\/css\" data-created_by=\"avia_inline_auto\" id=\"style-css-av-26xida-f378157d911b8070eb3b835108eeee4e\">\n.flex_column.av-26xida-f378157d911b8070eb3b835108eeee4e{\nborder-radius:0px 0px 0px 0px;\npadding:0px 0px 0px 0px;\n}\n<\/style>\n<div  class='flex_column av-26xida-f378157d911b8070eb3b835108eeee4e av_one_full  avia-builder-el-28  el_after_av_one_half  avia-builder-el-last  first flex_column_div av-zero-column-padding  column-top-margin'     ><style type=\"text\/css\" data-created_by=\"avia_inline_auto\" id=\"style-css-av-juuc61v5-030f3378ece938ed2956c9f9caa562f5\">\n#top .av_textblock_section.av-juuc61v5-030f3378ece938ed2956c9f9caa562f5 .avia_textblock{\ncolor:#cf1b15;\n}\n<\/style>\n<section  class='av_textblock_section av-juuc61v5-030f3378ece938ed2956c9f9caa562f5 '   itemscope=\"itemscope\" itemtype=\"https:\/\/schema.org\/CreativeWork\" ><div class='avia_textblock av_inherit_color'  itemprop=\"text\" ><h3>Ma\u00eetres c\u00e9l\u00e8bres<\/h3>\n<\/div><\/section><br \/>\n<section  class='av_textblock_section av-juucaqc2-9908caa3fe6b9a19db325bb6531e6a56 '   itemscope=\"itemscope\" itemtype=\"https:\/\/schema.org\/CreativeWork\" ><div class='avia_textblock'  itemprop=\"text\" ><blockquote>\n<p>Ils ont eu un Terre-Neuve<\/p>\n<\/blockquote>\n<p style=\"text-align: left;\">\n<\/div><\/section><br \/>\n<section  class='av_textblock_section av-juucaqc2-c8205f43b6c73559647a07575bbf8bff '   itemscope=\"itemscope\" itemtype=\"https:\/\/schema.org\/CreativeWork\" ><div class='avia_textblock'  itemprop=\"text\" ><p>Arthur Koestler, Audubon, Benjamin Franklin, Bing Crosby, Captain Cook, Charles Dickens, Christian Saron, Christine Caron, \u00c9douard VII, Fabrice Guy, Georges III, Georges V, Georges Washington, H\u00e9l\u00e8ne, Humphrey Bogart, James Barrie, James Boswell, Jeannette Mc Donald, Le prince de Galles, Le Roi Hassan II, Lord Byron, Lord Nelson, Oph\u00e9lie Winter, Ouida, Patrick Fiori, Richard Wagner, Robert Burns, Robert Frost, Robert Kennedy, Rostropovitch, Sir Edwin Landseer, Sir Henry Irving\u00a0 &#038; Sir Walter Scott<\/p>\n<p style=\"text-align: left;\">\n<\/div><\/section><\/p><\/div>\n","protected":false},"excerpt":{"rendered":"","protected":false},"author":1,"featured_media":0,"parent":3493,"menu_order":1,"comment_status":"closed","ping_status":"closed","template":"","meta":{"footnotes":""},"class_list":["post-5492","page","type-page","status-publish","hentry"],"_links":{"self":[{"href":"https:\/\/tnsportif.com\/index.php\/wp-json\/wp\/v2\/pages\/5492","targetHints":{"allow":["GET"]}}],"collection":[{"href":"https:\/\/tnsportif.com\/index.php\/wp-json\/wp\/v2\/pages"}],"about":[{"href":"https:\/\/tnsportif.com\/index.php\/wp-json\/wp\/v2\/types\/page"}],"author":[{"embeddable":true,"href":"https:\/\/tnsportif.com\/index.php\/wp-json\/wp\/v2\/users\/1"}],"replies":[{"embeddable":true,"href":"https:\/\/tnsportif.com\/index.php\/wp-json\/wp\/v2\/comments?post=5492"}],"version-history":[{"count":1,"href":"https:\/\/tnsportif.com\/index.php\/wp-json\/wp\/v2\/pages\/5492\/revisions"}],"predecessor-version":[{"id":5568,"href":"https:\/\/tnsportif.com\/index.php\/wp-json\/wp\/v2\/pages\/5492\/revisions\/5568"}],"up":[{"embeddable":true,"href":"https:\/\/tnsportif.com\/index.php\/wp-json\/wp\/v2\/pages\/3493"}],"wp:attachment":[{"href":"https:\/\/tnsportif.com\/index.php\/wp-json\/wp\/v2\/media?parent=5492"}],"curies":[{"name":"wp","href":"https:\/\/api.w.org\/{rel}","templated":true}]}}