{"id":6345,"date":"2021-01-13T19:53:14","date_gmt":"2021-01-13T18:53:14","guid":{"rendered":"https:\/\/tnsportif.com\/?page_id=6345"},"modified":"2021-01-13T20:03:34","modified_gmt":"2021-01-13T19:03:34","slug":"fete-des-marais-bourges","status":"publish","type":"page","link":"https:\/\/tnsportif.com\/index.php\/masonry-portfolio\/nos-evenements-2021\/fete-des-marais-bourges\/","title":{"rendered":"F\u00eate des Marais Bourges"},"content":{"rendered":"\n<style type=\"text\/css\" data-created_by=\"avia_inline_auto\" id=\"style-css-av-7x7zka-d458d0945b86e667b4e12d24ebc8a506\">\n.flex_column.av-7x7zka-d458d0945b86e667b4e12d24ebc8a506{\nborder-radius:0px 0px 0px 0px;\npadding:0px 0px 0px 0px;\n}\n<\/style>\n<div  class='flex_column av-7x7zka-d458d0945b86e667b4e12d24ebc8a506 av_one_fifth  avia-builder-el-0  el_before_av_four_fifth  avia-builder-el-first  first flex_column_div av-zero-column-padding  '     ><style type=\"text\/css\" data-created_by=\"avia_inline_auto\" id=\"style-css-av-juny2kb7-28c64cf1289fd82a062a73d027105e96\">\n.avia-image-container.av-juny2kb7-28c64cf1289fd82a062a73d027105e96 img.avia_image{\nbox-shadow:none;\n}\n.avia-image-container.av-juny2kb7-28c64cf1289fd82a062a73d027105e96 .av-image-caption-overlay-center{\ncolor:#ffffff;\n}\n<\/style>\n<div  class='avia-image-container av-juny2kb7-28c64cf1289fd82a062a73d027105e96 av-styling- avia-align-center  avia-builder-el-1  avia-builder-el-no-sibling '   itemprop=\"image\" itemscope=\"itemscope\" itemtype=\"https:\/\/schema.org\/ImageObject\" ><div class=\"avia-image-container-inner\"><div class=\"avia-image-overlay-wrap\"><img fetchpriority=\"high\" class='wp-image-6348 avia-img-lazy-loading-not-6348 avia_image ' src='https:\/\/tnsportif.com\/wp-content\/uploads\/2021\/01\/TNS_Bourges_2021-300x199.png' alt='' title='TNS_Bourges_2021'  height=\"199\" width=\"300\"  itemprop=\"thumbnailUrl\"  \/><\/div><\/div><\/div><\/div>\n<style type=\"text\/css\" data-created_by=\"avia_inline_auto\" id=\"style-css-av-1umwll-fa3cabb9d1437a580d05041b7f2aedba\">\n.flex_column.av-1umwll-fa3cabb9d1437a580d05041b7f2aedba{\nborder-radius:0px 0px 0px 0px;\npadding:0px 0px 0px 0px;\n}\n<\/style>\n<div  class='flex_column av-1umwll-fa3cabb9d1437a580d05041b7f2aedba av_four_fifth  avia-builder-el-2  el_after_av_one_fifth  el_before_av_one_full  flex_column_div av-zero-column-padding  '     ><style type=\"text\/css\" data-created_by=\"avia_inline_auto\" id=\"style-css-av-juo0hyz5-a5f01f8b8be4b93dfc8da8b48b4c9573\">\n#top .av_textblock_section.av-juo0hyz5-a5f01f8b8be4b93dfc8da8b48b4c9573 .avia_textblock{\ncolor:#cf1b15;\n}\n<\/style>\n<section  class='av_textblock_section av-juo0hyz5-a5f01f8b8be4b93dfc8da8b48b4c9573 '   itemscope=\"itemscope\" itemtype=\"https:\/\/schema.org\/CreativeWork\" ><div class='avia_textblock av_inherit_color'  itemprop=\"text\" ><h2 style=\"text-align: center;\"><strong>39e F\u00caTE DES MARAIS<br \/>\nBOURGES<\/strong><\/h2>\n<h2 style=\"text-align: center;\"><strong>DIMANCHE 5 SEPTEMBRE 2021<\/strong><\/h2>\n<\/div><\/section><br \/>\n\n<style type=\"text\/css\" data-created_by=\"avia_inline_auto\" id=\"style-css-av-2ohd2y-fcc66ae9cd0de3318adb2d7d5d67c4d1\">\n#top .hr.av-2ohd2y-fcc66ae9cd0de3318adb2d7d5d67c4d1{\nmargin-top:5px;\nmargin-bottom:30px;\n}\n.hr.av-2ohd2y-fcc66ae9cd0de3318adb2d7d5d67c4d1 .hr-inner{\nwidth:200px;\nborder-color:#cf1b15;\nmax-width:45%;\n}\n<\/style>\n<div  class='hr av-2ohd2y-fcc66ae9cd0de3318adb2d7d5d67c4d1 hr-custom  avia-builder-el-4  el_after_av_textblock  el_before_av_textblock  av-mini-hide hr-center hr-icon-yes'><span class='hr-inner inner-border-av-border-thin'><span class=\"hr-inner-style\"><\/span><\/span><span class='av-seperator-icon avia-iconfont avia-font-entypo-fontello' data-av_icon='\ue8b9' data-av_iconfont='entypo-fontello' ><\/span><span class='hr-inner inner-border-av-border-thin'><span class=\"hr-inner-style\"><\/span><\/span><\/div><br \/>\n<section  class='av_textblock_section av-kjvgc6a2-d48c4f096837bcbcd9c232e92101267a '   itemscope=\"itemscope\" itemtype=\"https:\/\/schema.org\/CreativeWork\" ><div class='avia_textblock'  itemprop=\"text\" ><p>Le TNS a d\u00e9j\u00e0 participer \u00e0 la F\u00eate des Marais de Bourges en 2011, et c&rsquo;est avec joie que nous y participerons 10 ans plus tard.<\/p>\n<p>Merci \u00e0 l&rsquo;Association Patrimoine Marais pour leur invitation.<\/p>\n<p><a href=\"https:\/\/www.patrimoine-marais.org\/\">https:\/\/www.patrimoine-marais.org\/<\/a><\/p>\n<\/div><\/section><\/p><\/div>\n<style type=\"text\/css\" data-created_by=\"avia_inline_auto\" id=\"style-css-av-2kh4d6-2861fe1a8a9d77f37f22c2d06bd83b78\">\n.flex_column.av-2kh4d6-2861fe1a8a9d77f37f22c2d06bd83b78{\nborder-radius:0px 0px 0px 0px;\npadding:0px 0px 0px 0px;\n}\n<\/style>\n<div  class='flex_column av-2kh4d6-2861fe1a8a9d77f37f22c2d06bd83b78 av_one_full  avia-builder-el-6  el_after_av_four_fifth  avia-builder-el-last  first flex_column_div av-zero-column-padding  '     ><div id='av-masonry-1' class='av-masonry av-juu9yxfc-db627fa440bebdb18ebcf643a4f5347b noHover av-fixed-size av-large-gap av-hover-overlay-active av-masonry-animation-active av-masonry-col-flexible av-caption-always av-caption-style- av-masonry-gallery ' data-post_id=\"6345\"><div class=\"av-masonry-container isotope av-js-disabled\"><div class='av-masonry-entry isotope-item av-masonry-item-no-image '><\/div><a href=\"https:\/\/tnsportif.com\/wp-content\/uploads\/2021\/01\/TNS_Bourges_2021-1030x683.png\"  aria-label=\"image TNS_Bourges_2021\"  id='av-masonry-1-item-6348' data-av-masonry-item='6348' class='av-masonry-entry isotope-item post-6348 attachment type-attachment status-inherit hentry  av-masonry-item-with-image' title=\"TNS_Bourges_2021\" alt=\"\"    itemprop=\"thumbnailUrl\" ><div class='av-inner-masonry-sizer'><\/div><figure class='av-inner-masonry main_color'><div class=\"av-masonry-outerimage-container\"><div class='av-masonry-image-container' style=\"background-image: url(https:\/\/tnsportif.com\/wp-content\/uploads\/2021\/01\/TNS_Bourges_2021-705x467.png);\"  title=\"TNS_Bourges_2021\" ><\/div><\/div><\/figure><\/a><!--end av-masonry entry--><\/div><\/div><\/div><\/p>\n","protected":false},"excerpt":{"rendered":"","protected":false},"author":1,"featured_media":0,"parent":5976,"menu_order":10,"comment_status":"closed","ping_status":"closed","template":"","meta":{"footnotes":""},"class_list":["post-6345","page","type-page","status-publish","hentry"],"_links":{"self":[{"href":"https:\/\/tnsportif.com\/index.php\/wp-json\/wp\/v2\/pages\/6345","targetHints":{"allow":["GET"]}}],"collection":[{"href":"https:\/\/tnsportif.com\/index.php\/wp-json\/wp\/v2\/pages"}],"about":[{"href":"https:\/\/tnsportif.com\/index.php\/wp-json\/wp\/v2\/types\/page"}],"author":[{"embeddable":true,"href":"https:\/\/tnsportif.com\/index.php\/wp-json\/wp\/v2\/users\/1"}],"replies":[{"embeddable":true,"href":"https:\/\/tnsportif.com\/index.php\/wp-json\/wp\/v2\/comments?post=6345"}],"version-history":[{"count":3,"href":"https:\/\/tnsportif.com\/index.php\/wp-json\/wp\/v2\/pages\/6345\/revisions"}],"predecessor-version":[{"id":6349,"href":"https:\/\/tnsportif.com\/index.php\/wp-json\/wp\/v2\/pages\/6345\/revisions\/6349"}],"up":[{"embeddable":true,"href":"https:\/\/tnsportif.com\/index.php\/wp-json\/wp\/v2\/pages\/5976"}],"wp:attachment":[{"href":"https:\/\/tnsportif.com\/index.php\/wp-json\/wp\/v2\/media?parent=6345"}],"curies":[{"name":"wp","href":"https:\/\/api.w.org\/{rel}","templated":true}]}}